{"id":23156,"date":"2021-11-21T23:34:30","date_gmt":"2021-11-21T23:34:30","guid":{"rendered":"https:\/\/www.artcontraire.com\/artwork\/various\/schwarzschattige-gefuehlswelten-nr-01-72\/"},"modified":"2021-11-21T23:34:57","modified_gmt":"2021-11-21T23:34:57","slug":"schwarzschattige-gefuehlswelten-nr-01-72","status":"publish","type":"product","link":"https:\/\/www.artcontraire.com\/ru\/artwork\/nino-strohecker\/schwarzschattige-gefuehlswelten-nr-01-72\/","title":{"rendered":"Schwarzschattige Gef\u00fchlswelten Nr. 01 &#8212; 72"},"content":{"rendered":"SCHWARZSCHATTIGE GEF\u00dcHLSWELTEN is, on one hand, the name of a series of 72 photographs taken on the island H\u00f6gbonden in the region of the natural reserve at H\u00f6gakusten, Sweden.\n\nThe images are overexposed and then inverted to create a dark, dreamlike sensation of the enchanted virgin forest.\n\nAnd on the other hand, it is the title of three single-channel video loops on different lengths and sound composed by Wolfgang Dorninger, Rudi Wienand and Die Null.\n\nThe empty nature serves as a metaphor for social isolation while living in a foreign country.\n\n<div class=\"quote\"><div class=\"quote-content-wrap\"><div class=\"quote-content-outer\"><div class=\"quote-content\"><div class=\"inner format-text\"><p>Dream no small dreams for they have no power to move the hearts of men.<\/p>\n<\/div><\/div><\/div><\/div><div class=\"quote-author\">\u2013 Johann Wolfgang von Goethe<\/div><\/div>","protected":false},"excerpt":{"rendered":"SCHWARZSCHATTIGE GEF\u00dcHLSWELTEN is, on one hand, the name of a series of 72 photographs taken on the island H\u00f6gbonden in &#8230;","protected":false},"featured_media":9888,"template":"","meta":{"_acf_changed":false},"product_cat":[15],"product_tag":[],"artist":[98],"artwork_type":[77],"color":[],"series":[],"class_list":{"0":"post-23156","1":"product","2":"type-product","3":"status-publish","4":"has-post-thumbnail","6":"product_cat-uncategorized","7":"artist-nino-strohecker","8":"artwork_type-photographs","9":"images-loading","12":"first","13":"instock","14":"sold-individually","15":"product-type-variable","16":"has-default-attributes"},"acf":[],"yoast_head":"<!-- This site is optimized with the Yoast SEO plugin v26.8 - https:\/\/yoast.com\/product\/yoast-seo-wordpress\/ -->\n<title>Schwarzschattige Gef\u00fchlswelten Nr. 01 &#8212; 72 by Nino Strohecker \u2013 A CP print on Alu Dibond (framed) - artContraire<\/title>\n<meta name=\"description\" content=\"Nino Strohecker: This is a CP print on Alu Dibond (framed).\" \/>\n<meta name=\"robots\" content=\"index, follow, max-snippet:-1, max-image-preview:large, max-video-preview:-1\" \/>\n<link rel=\"canonical\" href=\"https:\/\/www.artcontraire.com\/ru\/artwork\/nino-strohecker\/schwarzschattige-gefuehlswelten-nr-01-72\/\" \/>\n<meta property=\"og:locale\" content=\"ru_RU\" \/>\n<meta property=\"og:type\" content=\"article\" \/>\n<meta property=\"og:title\" content=\"Schwarzschattige Gef\u00fchlswelten Nr. 01 &#8212; 72 by Nino Strohecker \u2013 A CP print on Alu Dibond (framed) - artContraire\" \/>\n<meta property=\"og:description\" content=\"Nino Strohecker: This is a CP print on Alu Dibond (framed).\" \/>\n<meta property=\"og:url\" content=\"https:\/\/www.artcontraire.com\/ru\/artwork\/nino-strohecker\/schwarzschattige-gefuehlswelten-nr-01-72\/\" \/>\n<meta property=\"og:site_name\" content=\"artContraire\" \/>\n<meta property=\"article:publisher\" content=\"https:\/\/www.facebook.com\/artcontraire\/\" \/>\n<meta property=\"article:modified_time\" content=\"2021-11-21T23:34:57+00:00\" \/>\n<meta property=\"og:image\" content=\"https:\/\/www.artcontraire.com\/wp-content\/uploads\/schwarzschattige-gefuehlswelten-nr-1-nino-strohecker-fotografie.jpg\" \/>\n\t<meta property=\"og:image:width\" content=\"1920\" \/>\n\t<meta property=\"og:image:height\" content=\"1275\" \/>\n\t<meta property=\"og:image:type\" content=\"image\/jpeg\" \/>\n<meta name=\"twitter:card\" content=\"summary_large_image\" \/>\n<meta name=\"twitter:label1\" content=\"\u041f\u0440\u0438\u043c\u0435\u0440\u043d\u043e\u0435 \u0432\u0440\u0435\u043c\u044f \u0434\u043b\u044f \u0447\u0442\u0435\u043d\u0438\u044f\" \/>\n\t<meta name=\"twitter:data1\" content=\"1 \u043c\u0438\u043d\u0443\u0442\u0430\" \/>\n<script type=\"application\/ld+json\" class=\"yoast-schema-graph\">{\"@context\":\"https:\/\/schema.org\",\"@graph\":[{\"@type\":\"WebPage\",\"@id\":\"https:\/\/www.artcontraire.com\/ru\/artwork\/nino-strohecker\/schwarzschattige-gefuehlswelten-nr-01-72\/\",\"url\":\"https:\/\/www.artcontraire.com\/ru\/artwork\/nino-strohecker\/schwarzschattige-gefuehlswelten-nr-01-72\/\",\"name\":\"Schwarzschattige Gef\u00fchlswelten Nr. 01 &#8212; 72 by Nino Strohecker \u2013 A CP print on Alu Dibond (framed) - artContraire\",\"isPartOf\":{\"@id\":\"https:\/\/www.artcontraire.com\/ru\/#website\"},\"primaryImageOfPage\":{\"@id\":\"https:\/\/www.artcontraire.com\/ru\/artwork\/nino-strohecker\/schwarzschattige-gefuehlswelten-nr-01-72\/#primaryimage\"},\"image\":{\"@id\":\"https:\/\/www.artcontraire.com\/ru\/artwork\/nino-strohecker\/schwarzschattige-gefuehlswelten-nr-01-72\/#primaryimage\"},\"thumbnailUrl\":\"https:\/\/www.artcontraire.com\/wp-content\/uploads\/schwarzschattige-gefuehlswelten-nr-1-nino-strohecker-fotografie.jpg\",\"datePublished\":\"2021-11-21T23:34:30+00:00\",\"dateModified\":\"2021-11-21T23:34:57+00:00\",\"description\":\"Nino Strohecker: This is a CP print on Alu Dibond (framed).\",\"breadcrumb\":{\"@id\":\"https:\/\/www.artcontraire.com\/ru\/artwork\/nino-strohecker\/schwarzschattige-gefuehlswelten-nr-01-72\/#breadcrumb\"},\"inLanguage\":\"ru-RU\",\"potentialAction\":[{\"@type\":\"ReadAction\",\"target\":[\"https:\/\/www.artcontraire.com\/ru\/artwork\/nino-strohecker\/schwarzschattige-gefuehlswelten-nr-01-72\/\"]}]},{\"@type\":\"ImageObject\",\"inLanguage\":\"ru-RU\",\"@id\":\"https:\/\/www.artcontraire.com\/ru\/artwork\/nino-strohecker\/schwarzschattige-gefuehlswelten-nr-01-72\/#primaryimage\",\"url\":\"https:\/\/www.artcontraire.com\/wp-content\/uploads\/schwarzschattige-gefuehlswelten-nr-1-nino-strohecker-fotografie.jpg\",\"contentUrl\":\"https:\/\/www.artcontraire.com\/wp-content\/uploads\/schwarzschattige-gefuehlswelten-nr-1-nino-strohecker-fotografie.jpg\",\"width\":1920,\"height\":1275},{\"@type\":\"BreadcrumbList\",\"@id\":\"https:\/\/www.artcontraire.com\/ru\/artwork\/nino-strohecker\/schwarzschattige-gefuehlswelten-nr-01-72\/#breadcrumb\",\"itemListElement\":[{\"@type\":\"ListItem\",\"position\":1,\"name\":\"Home\",\"item\":\"https:\/\/www.artcontraire.com\/ru\/\"},{\"@type\":\"ListItem\",\"position\":2,\"name\":\"\u041c\u0430\u0433\u0430\u0437\u0438\u043d\",\"item\":\"https:\/\/www.artcontraire.com\/ru\/%d0%bc%d0%b0%d0%b3%d0%b0%d0%b7%d0%b8%d0%bd\/\"},{\"@type\":\"ListItem\",\"position\":3,\"name\":\"Schwarzschattige Gef\u00fchlswelten Nr. 01 &#8211; 72\"}]},{\"@type\":\"WebSite\",\"@id\":\"https:\/\/www.artcontraire.com\/ru\/#website\",\"url\":\"https:\/\/www.artcontraire.com\/ru\/\",\"name\":\"artContraire\",\"description\":\"Be part! Be art!\",\"potentialAction\":[{\"@type\":\"SearchAction\",\"target\":{\"@type\":\"EntryPoint\",\"urlTemplate\":\"https:\/\/www.artcontraire.com\/ru\/?s={search_term_string}\"},\"query-input\":{\"@type\":\"PropertyValueSpecification\",\"valueRequired\":true,\"valueName\":\"search_term_string\"}}],\"inLanguage\":\"ru-RU\"}]}<\/script>\n<!-- \/ Yoast SEO plugin. -->","yoast_head_json":{"title":"Schwarzschattige Gef\u00fchlswelten Nr. 01 &#8212; 72 by Nino Strohecker \u2013 A CP print on Alu Dibond (framed) - artContraire","description":"Nino Strohecker: This is a CP print on Alu Dibond (framed).","robots":{"index":"index","follow":"follow","max-snippet":"max-snippet:-1","max-image-preview":"max-image-preview:large","max-video-preview":"max-video-preview:-1"},"canonical":"https:\/\/www.artcontraire.com\/ru\/artwork\/nino-strohecker\/schwarzschattige-gefuehlswelten-nr-01-72\/","og_locale":"ru_RU","og_type":"article","og_title":"Schwarzschattige Gef\u00fchlswelten Nr. 01 &#8212; 72 by Nino Strohecker \u2013 A CP print on Alu Dibond (framed) - artContraire","og_description":"Nino Strohecker: This is a CP print on Alu Dibond (framed).","og_url":"https:\/\/www.artcontraire.com\/ru\/artwork\/nino-strohecker\/schwarzschattige-gefuehlswelten-nr-01-72\/","og_site_name":"artContraire","article_publisher":"https:\/\/www.facebook.com\/artcontraire\/","article_modified_time":"2021-11-21T23:34:57+00:00","og_image":[{"width":1920,"height":1275,"url":"https:\/\/www.artcontraire.com\/wp-content\/uploads\/schwarzschattige-gefuehlswelten-nr-1-nino-strohecker-fotografie.jpg","type":"image\/jpeg"}],"twitter_card":"summary_large_image","twitter_misc":{"\u041f\u0440\u0438\u043c\u0435\u0440\u043d\u043e\u0435 \u0432\u0440\u0435\u043c\u044f \u0434\u043b\u044f \u0447\u0442\u0435\u043d\u0438\u044f":"1 \u043c\u0438\u043d\u0443\u0442\u0430"},"schema":{"@context":"https:\/\/schema.org","@graph":[{"@type":"WebPage","@id":"https:\/\/www.artcontraire.com\/ru\/artwork\/nino-strohecker\/schwarzschattige-gefuehlswelten-nr-01-72\/","url":"https:\/\/www.artcontraire.com\/ru\/artwork\/nino-strohecker\/schwarzschattige-gefuehlswelten-nr-01-72\/","name":"Schwarzschattige Gef\u00fchlswelten Nr. 01 &#8212; 72 by Nino Strohecker \u2013 A CP print on Alu Dibond (framed) - artContraire","isPartOf":{"@id":"https:\/\/www.artcontraire.com\/ru\/#website"},"primaryImageOfPage":{"@id":"https:\/\/www.artcontraire.com\/ru\/artwork\/nino-strohecker\/schwarzschattige-gefuehlswelten-nr-01-72\/#primaryimage"},"image":{"@id":"https:\/\/www.artcontraire.com\/ru\/artwork\/nino-strohecker\/schwarzschattige-gefuehlswelten-nr-01-72\/#primaryimage"},"thumbnailUrl":"https:\/\/www.artcontraire.com\/wp-content\/uploads\/schwarzschattige-gefuehlswelten-nr-1-nino-strohecker-fotografie.jpg","datePublished":"2021-11-21T23:34:30+00:00","dateModified":"2021-11-21T23:34:57+00:00","description":"Nino Strohecker: This is a CP print on Alu Dibond (framed).","breadcrumb":{"@id":"https:\/\/www.artcontraire.com\/ru\/artwork\/nino-strohecker\/schwarzschattige-gefuehlswelten-nr-01-72\/#breadcrumb"},"inLanguage":"ru-RU","potentialAction":[{"@type":"ReadAction","target":["https:\/\/www.artcontraire.com\/ru\/artwork\/nino-strohecker\/schwarzschattige-gefuehlswelten-nr-01-72\/"]}]},{"@type":"ImageObject","inLanguage":"ru-RU","@id":"https:\/\/www.artcontraire.com\/ru\/artwork\/nino-strohecker\/schwarzschattige-gefuehlswelten-nr-01-72\/#primaryimage","url":"https:\/\/www.artcontraire.com\/wp-content\/uploads\/schwarzschattige-gefuehlswelten-nr-1-nino-strohecker-fotografie.jpg","contentUrl":"https:\/\/www.artcontraire.com\/wp-content\/uploads\/schwarzschattige-gefuehlswelten-nr-1-nino-strohecker-fotografie.jpg","width":1920,"height":1275},{"@type":"BreadcrumbList","@id":"https:\/\/www.artcontraire.com\/ru\/artwork\/nino-strohecker\/schwarzschattige-gefuehlswelten-nr-01-72\/#breadcrumb","itemListElement":[{"@type":"ListItem","position":1,"name":"Home","item":"https:\/\/www.artcontraire.com\/ru\/"},{"@type":"ListItem","position":2,"name":"\u041c\u0430\u0433\u0430\u0437\u0438\u043d","item":"https:\/\/www.artcontraire.com\/ru\/%d0%bc%d0%b0%d0%b3%d0%b0%d0%b7%d0%b8%d0%bd\/"},{"@type":"ListItem","position":3,"name":"Schwarzschattige Gef\u00fchlswelten Nr. 01 &#8211; 72"}]},{"@type":"WebSite","@id":"https:\/\/www.artcontraire.com\/ru\/#website","url":"https:\/\/www.artcontraire.com\/ru\/","name":"artContraire","description":"Be part! Be art!","potentialAction":[{"@type":"SearchAction","target":{"@type":"EntryPoint","urlTemplate":"https:\/\/www.artcontraire.com\/ru\/?s={search_term_string}"},"query-input":{"@type":"PropertyValueSpecification","valueRequired":true,"valueName":"search_term_string"}}],"inLanguage":"ru-RU"}]}},"_links":{"self":[{"href":"https:\/\/www.artcontraire.com\/ru\/wp-json\/wp\/v2\/product\/23156","targetHints":{"allow":["GET"]}}],"collection":[{"href":"https:\/\/www.artcontraire.com\/ru\/wp-json\/wp\/v2\/product"}],"about":[{"href":"https:\/\/www.artcontraire.com\/ru\/wp-json\/wp\/v2\/types\/product"}],"wp:featuredmedia":[{"embeddable":true,"href":"https:\/\/www.artcontraire.com\/ru\/wp-json\/wp\/v2\/media\/9888"}],"wp:attachment":[{"href":"https:\/\/www.artcontraire.com\/ru\/wp-json\/wp\/v2\/media?parent=23156"}],"wp:term":[{"taxonomy":"product_cat","embeddable":true,"href":"https:\/\/www.artcontraire.com\/ru\/wp-json\/wp\/v2\/product_cat?post=23156"},{"taxonomy":"product_tag","embeddable":true,"href":"https:\/\/www.artcontraire.com\/ru\/wp-json\/wp\/v2\/product_tag?post=23156"},{"taxonomy":"artist","embeddable":true,"href":"https:\/\/www.artcontraire.com\/ru\/wp-json\/wp\/v2\/artist?post=23156"},{"taxonomy":"artwork_type","embeddable":true,"href":"https:\/\/www.artcontraire.com\/ru\/wp-json\/wp\/v2\/artwork_type?post=23156"},{"taxonomy":"color","embeddable":true,"href":"https:\/\/www.artcontraire.com\/ru\/wp-json\/wp\/v2\/color?post=23156"},{"taxonomy":"series","embeddable":true,"href":"https:\/\/www.artcontraire.com\/ru\/wp-json\/wp\/v2\/series?post=23156"}],"curies":[{"name":"wp","href":"https:\/\/api.w.org\/{rel}","templated":true}]}}