{"id":30044,"date":"2018-03-18T17:20:55","date_gmt":"2018-03-18T17:20:55","guid":{"rendered":"https:\/\/www.artcontraire.com\/?page_id=30044"},"modified":"2024-01-12T22:45:47","modified_gmt":"2024-01-12T22:45:47","slug":"carrinho","status":"publish","type":"page","link":"https:\/\/www.artcontraire.com\/pt-pt\/carrinho\/","title":{"rendered":"Carrinho"},"content":{"rendered":"<div class=\"col-d-7\"><\/div>\n<div class=\"col-d-5\" style=\"margin-top: -50px;\"><div class=\"team-mq quote-wrap medium top\"><div class=\"member\"><div class=\"item\"><a href=\"https:\/\/www.artcontraire.com\/team\/ingo-zipser\/\"><div class=\"media team-media\" style=\"background-image:url(https:\/\/www.artcontraire.com\/wp-content\/uploads\/ingo-zipser-2-cut-200x200.jpg)\"><\/div><div class=\"content\"><div class=\"team-nickname sub-headline\">The Creative<\/div><div class=\"team-name\">Ingo Zipser<\/div><\/div><\/a><\/div><\/div><div class=\"quote\"><div class=\"quote-content-wrap\"><div class=\"quote-content-outer\"><div class=\"quote-content\"><div class=\"inner format-text\"><p>Ol\u00e1, eu sou Ingo Zipser. Tem alguma pergunta sobre as obras de arte, artistas, op\u00e7\u00f5es de pagamento ou qualquer outra coisa?<\/p>\n<div><span style=\"display: inline-block; margin: 0 10px 10px 0;\"><button class=\"chat-trigger contact button alt\" data-tracking-id=\"checkout\" ><span class=\"text\">Escreva-nos<\/span><\/button><\/span><a class=\"checkout-button button alt wc-forward\" href=\"https:\/\/www.artcontraire.com\/pt-pt\/checkout\/\">Ir para a caixa<\/a><\/div>\n<p>\n<\/div><\/div><\/div><\/div><\/div><\/div><\/p>\n<\/div>\n<div class=\"col-d-5 format-text\">\n<div style=\"padding: 40px; background: #fcfcfc; border: 1px solid #efefef;\"><strong>artContraire Garantias <\/strong>\n<ul>\n<li>artContraire Garantias <\/li>\n<li>Obras de arte originais directamente do artista com certificado de autenticidade<\/li>\n<li>Pre\u00e7o de mercado da arte<\/li>\n<li>Pagamento seguro por cart\u00e3o de cr\u00e9dito, transfer\u00eancia banc\u00e1ria ou paypal<\/li>\n<li>Servi\u00e7o pessoal<\/li>\n<\/ul>\n<div>\n<p>Com <strong><a href=\"https:\/\/www.artcontraire.com\/meet-my-artist\/\">&#8220;Meet My Artist&#8221;<\/a><\/strong> artContraire d\u00e1-lhe a oportunidade \u00fanica de conhecer pessoalmente o seu artista preferido.<\/p>\n<\/div>\n<\/div>\n<\/div>","protected":false},"excerpt":{"rendered":"artContraire Garantias artContraire Garantias Obras de arte originais directamente do artista com certificado de autenticidade Pre\u00e7o de mercado da arte &#8230;","protected":false},"author":150,"featured_media":0,"parent":0,"menu_order":0,"comment_status":"closed","ping_status":"closed","template":"","meta":{"_acf_changed":false,"footnotes":""},"class_list":["post-30044","page","type-page","status-publish","hentry"],"acf":[],"yoast_head":"<!-- This site is optimized with the Yoast SEO plugin v26.8 - https:\/\/yoast.com\/product\/yoast-seo-wordpress\/ -->\n<title>Carrinho - artContraire<\/title>\n<meta name=\"description\" content=\"artContraire Garantias artContraire Garantias Obras de arte originais directamente do artista com certificado de autenticidade Pre\u00e7o de mercado da arte\" \/>\n<meta name=\"robots\" content=\"index, follow, max-snippet:-1, max-image-preview:large, max-video-preview:-1\" \/>\n<link rel=\"canonical\" href=\"https:\/\/www.artcontraire.com\/pt-pt\/carrinho\/\" \/>\n<meta property=\"og:locale\" content=\"pt_PT\" \/>\n<meta property=\"og:type\" content=\"article\" \/>\n<meta property=\"og:title\" content=\"Carrinho - artContraire\" \/>\n<meta property=\"og:description\" content=\"artContraire Garantias artContraire Garantias Obras de arte originais directamente do artista com certificado de autenticidade Pre\u00e7o de mercado da arte\" \/>\n<meta property=\"og:url\" content=\"https:\/\/www.artcontraire.com\/pt-pt\/carrinho\/\" \/>\n<meta property=\"og:site_name\" content=\"artContraire\" \/>\n<meta property=\"article:publisher\" content=\"https:\/\/www.facebook.com\/artcontraire\/\" \/>\n<meta property=\"article:modified_time\" content=\"2024-01-12T22:45:47+00:00\" \/>\n<meta property=\"og:image\" content=\"https:\/\/www.artcontraire.com\/wp-content\/uploads\/artcontraire-logo-text-black.png\" \/>\n\t<meta property=\"og:image:width\" content=\"1366\" \/>\n\t<meta property=\"og:image:height\" content=\"600\" \/>\n\t<meta property=\"og:image:type\" content=\"image\/png\" \/>\n<meta name=\"twitter:card\" content=\"summary_large_image\" \/>\n<meta name=\"twitter:label1\" content=\"Tempo estimado de leitura\" \/>\n\t<meta name=\"twitter:data1\" content=\"1 minuto\" \/>\n<script type=\"application\/ld+json\" class=\"yoast-schema-graph\">{\"@context\":\"https:\/\/schema.org\",\"@graph\":[{\"@type\":\"WebPage\",\"@id\":\"https:\/\/www.artcontraire.com\/pt-pt\/carrinho\/\",\"url\":\"https:\/\/www.artcontraire.com\/pt-pt\/carrinho\/\",\"name\":\"Carrinho - artContraire\",\"isPartOf\":{\"@id\":\"https:\/\/www.artcontraire.com\/pt-pt\/#website\"},\"datePublished\":\"2018-03-18T17:20:55+00:00\",\"dateModified\":\"2024-01-12T22:45:47+00:00\",\"description\":\"artContraire Garantias artContraire Garantias Obras de arte originais directamente do artista com certificado de autenticidade Pre\u00e7o de mercado da arte\",\"breadcrumb\":{\"@id\":\"https:\/\/www.artcontraire.com\/pt-pt\/carrinho\/#breadcrumb\"},\"inLanguage\":\"pt-PT\",\"potentialAction\":[{\"@type\":\"ReadAction\",\"target\":[\"https:\/\/www.artcontraire.com\/pt-pt\/carrinho\/\"]}]},{\"@type\":\"BreadcrumbList\",\"@id\":\"https:\/\/www.artcontraire.com\/pt-pt\/carrinho\/#breadcrumb\",\"itemListElement\":[{\"@type\":\"ListItem\",\"position\":1,\"name\":\"Home\",\"item\":\"https:\/\/www.artcontraire.com\/pt-pt\/\"},{\"@type\":\"ListItem\",\"position\":2,\"name\":\"Carrinho\"}]},{\"@type\":\"WebSite\",\"@id\":\"https:\/\/www.artcontraire.com\/pt-pt\/#website\",\"url\":\"https:\/\/www.artcontraire.com\/pt-pt\/\",\"name\":\"artContraire\",\"description\":\"Be part! Be art!\",\"potentialAction\":[{\"@type\":\"SearchAction\",\"target\":{\"@type\":\"EntryPoint\",\"urlTemplate\":\"https:\/\/www.artcontraire.com\/pt-pt\/?s={search_term_string}\"},\"query-input\":{\"@type\":\"PropertyValueSpecification\",\"valueRequired\":true,\"valueName\":\"search_term_string\"}}],\"inLanguage\":\"pt-PT\"}]}<\/script>\n<!-- \/ Yoast SEO plugin. -->","yoast_head_json":{"title":"Carrinho - artContraire","description":"artContraire Garantias artContraire Garantias Obras de arte originais directamente do artista com certificado de autenticidade Pre\u00e7o de mercado da arte","robots":{"index":"index","follow":"follow","max-snippet":"max-snippet:-1","max-image-preview":"max-image-preview:large","max-video-preview":"max-video-preview:-1"},"canonical":"https:\/\/www.artcontraire.com\/pt-pt\/carrinho\/","og_locale":"pt_PT","og_type":"article","og_title":"Carrinho - artContraire","og_description":"artContraire Garantias artContraire Garantias Obras de arte originais directamente do artista com certificado de autenticidade Pre\u00e7o de mercado da arte","og_url":"https:\/\/www.artcontraire.com\/pt-pt\/carrinho\/","og_site_name":"artContraire","article_publisher":"https:\/\/www.facebook.com\/artcontraire\/","article_modified_time":"2024-01-12T22:45:47+00:00","og_image":[{"width":1366,"height":600,"url":"https:\/\/www.artcontraire.com\/wp-content\/uploads\/artcontraire-logo-text-black.png","type":"image\/png"}],"twitter_card":"summary_large_image","twitter_misc":{"Tempo estimado de leitura":"1 minuto"},"schema":{"@context":"https:\/\/schema.org","@graph":[{"@type":"WebPage","@id":"https:\/\/www.artcontraire.com\/pt-pt\/carrinho\/","url":"https:\/\/www.artcontraire.com\/pt-pt\/carrinho\/","name":"Carrinho - artContraire","isPartOf":{"@id":"https:\/\/www.artcontraire.com\/pt-pt\/#website"},"datePublished":"2018-03-18T17:20:55+00:00","dateModified":"2024-01-12T22:45:47+00:00","description":"artContraire Garantias artContraire Garantias Obras de arte originais directamente do artista com certificado de autenticidade Pre\u00e7o de mercado da arte","breadcrumb":{"@id":"https:\/\/www.artcontraire.com\/pt-pt\/carrinho\/#breadcrumb"},"inLanguage":"pt-PT","potentialAction":[{"@type":"ReadAction","target":["https:\/\/www.artcontraire.com\/pt-pt\/carrinho\/"]}]},{"@type":"BreadcrumbList","@id":"https:\/\/www.artcontraire.com\/pt-pt\/carrinho\/#breadcrumb","itemListElement":[{"@type":"ListItem","position":1,"name":"Home","item":"https:\/\/www.artcontraire.com\/pt-pt\/"},{"@type":"ListItem","position":2,"name":"Carrinho"}]},{"@type":"WebSite","@id":"https:\/\/www.artcontraire.com\/pt-pt\/#website","url":"https:\/\/www.artcontraire.com\/pt-pt\/","name":"artContraire","description":"Be part! Be art!","potentialAction":[{"@type":"SearchAction","target":{"@type":"EntryPoint","urlTemplate":"https:\/\/www.artcontraire.com\/pt-pt\/?s={search_term_string}"},"query-input":{"@type":"PropertyValueSpecification","valueRequired":true,"valueName":"search_term_string"}}],"inLanguage":"pt-PT"}]}},"_links":{"self":[{"href":"https:\/\/www.artcontraire.com\/pt-pt\/wp-json\/wp\/v2\/pages\/30044","targetHints":{"allow":["GET"]}}],"collection":[{"href":"https:\/\/www.artcontraire.com\/pt-pt\/wp-json\/wp\/v2\/pages"}],"about":[{"href":"https:\/\/www.artcontraire.com\/pt-pt\/wp-json\/wp\/v2\/types\/page"}],"author":[{"embeddable":true,"href":"https:\/\/www.artcontraire.com\/pt-pt\/wp-json\/wp\/v2\/users\/150"}],"replies":[{"embeddable":true,"href":"https:\/\/www.artcontraire.com\/pt-pt\/wp-json\/wp\/v2\/comments?post=30044"}],"version-history":[{"count":6,"href":"https:\/\/www.artcontraire.com\/pt-pt\/wp-json\/wp\/v2\/pages\/30044\/revisions"}],"predecessor-version":[{"id":31386,"href":"https:\/\/www.artcontraire.com\/pt-pt\/wp-json\/wp\/v2\/pages\/30044\/revisions\/31386"}],"wp:attachment":[{"href":"https:\/\/www.artcontraire.com\/pt-pt\/wp-json\/wp\/v2\/media?parent=30044"}],"curies":[{"name":"wp","href":"https:\/\/api.w.org\/{rel}","templated":true}]}}