{"id":30037,"date":"2018-03-18T17:20:55","date_gmt":"2018-03-18T17:20:55","guid":{"rendered":"https:\/\/www.artcontraire.com\/?page_id=30037"},"modified":"2024-01-12T22:45:34","modified_gmt":"2024-01-12T22:45:34","slug":"chariot","status":"publish","type":"page","link":"https:\/\/www.artcontraire.com\/fr\/chariot\/","title":{"rendered":"Chariot"},"content":{"rendered":"<div class=\"col-d-7\"><\/div>\n<div class=\"col-d-5\" style=\"margin-top: -50px;\"><div class=\"team-mq quote-wrap medium top\"><div class=\"member\"><div class=\"item\"><a href=\"https:\/\/www.artcontraire.com\/team\/ingo-zipser\/\"><div class=\"media team-media\" style=\"background-image:url(https:\/\/www.artcontraire.com\/wp-content\/uploads\/ingo-zipser-2-cut-200x200.jpg)\"><\/div><div class=\"content\"><div class=\"team-nickname sub-headline\">The Creative<\/div><div class=\"team-name\">Ingo Zipser<\/div><\/div><\/a><\/div><\/div><div class=\"quote\"><div class=\"quote-content-wrap\"><div class=\"quote-content-outer\"><div class=\"quote-content\"><div class=\"inner format-text\"><p>Bonjour, je suis Ingo Zipser. Avez-vous des questions sur les \u0153uvres, les artistes, les modes de paiement ou autre chose ?<\/p>\n<div><span style=\"display: inline-block; margin: 0 10px 10px 0;\"><button class=\"chat-trigger contact button alt\" data-tracking-id=\"checkout\" ><span class=\"text\">\u00c9crivez-nous<\/span><\/button><\/span><a class=\"checkout-button button alt wc-forward\" href=\"https:\/\/www.artcontraire.com\/fr\/caisse\/\">Passer \u00e0 la caisse<\/a><\/div>\n<p>\n<\/div><\/div><\/div><\/div><\/div><\/div><\/p>\n<\/div>\n<div class=\"col-d-5 format-text\">\n<div style=\"padding: 40px; background: #fcfcfc; border: 1px solid #efefef;\"><strong>Garanties d&rsquo;artContraire<\/strong>\n<ul>\n<li>Artistes s\u00e9lectionn\u00e9s<\/li>\n<li>Oeuvres originales directement de l&rsquo;artiste avec certificat d&rsquo;authenticit\u00e9<\/li>\n<li>Prix du march\u00e9 de l&rsquo;art<\/li>\n<li>Paiement s\u00e9curis\u00e9 par carte de cr\u00e9dit, virement bancaire ou paypal<\/li>\n<li>Un service personnalis\u00e9<\/li>\n<\/ul>\n<div>\n<p>Avec <strong><a href=\"https:\/\/www.artcontraire.com\/meet-my-artist\/\">\u00ab\u00a0Meet My Artist\u00a0\u00bb<\/a><\/strong>, artContraire vous donne l&rsquo;occasion unique de faire connaissance avec votre artiste pr\u00e9f\u00e9r\u00e9 en personne.<\/p>\n<\/div>\n<\/div>\n<\/div>","protected":false},"excerpt":{"rendered":"Garanties d&rsquo;artContraire Artistes s\u00e9lectionn\u00e9s Oeuvres originales directement de l&rsquo;artiste avec certificat d&rsquo;authenticit\u00e9 Prix du march\u00e9 de l&rsquo;art Paiement s\u00e9curis\u00e9 par &#8230;","protected":false},"author":150,"featured_media":0,"parent":0,"menu_order":0,"comment_status":"closed","ping_status":"closed","template":"","meta":{"_acf_changed":false,"footnotes":""},"class_list":["post-30037","page","type-page","status-publish","hentry"],"acf":[],"yoast_head":"<!-- This site is optimized with the Yoast SEO plugin v26.8 - https:\/\/yoast.com\/product\/yoast-seo-wordpress\/ -->\n<title>Chariot - artContraire<\/title>\n<meta name=\"description\" content=\"Garanties d&#039;artContraire Artistes s\u00e9lectionn\u00e9s Oeuvres originales directement de l&#039;artiste avec certificat d&#039;authenticit\u00e9 Prix du march\u00e9 de l&#039;art Paiement\" \/>\n<meta name=\"robots\" content=\"index, follow, max-snippet:-1, max-image-preview:large, max-video-preview:-1\" \/>\n<link rel=\"canonical\" href=\"https:\/\/www.artcontraire.com\/fr\/chariot\/\" \/>\n<meta property=\"og:locale\" content=\"fr_FR\" \/>\n<meta property=\"og:type\" content=\"article\" \/>\n<meta property=\"og:title\" content=\"Chariot - artContraire\" \/>\n<meta property=\"og:description\" content=\"Garanties d&#039;artContraire Artistes s\u00e9lectionn\u00e9s Oeuvres originales directement de l&#039;artiste avec certificat d&#039;authenticit\u00e9 Prix du march\u00e9 de l&#039;art Paiement\" \/>\n<meta property=\"og:url\" content=\"https:\/\/www.artcontraire.com\/fr\/chariot\/\" \/>\n<meta property=\"og:site_name\" content=\"artContraire\" \/>\n<meta property=\"article:publisher\" content=\"https:\/\/www.facebook.com\/artcontraire\/\" \/>\n<meta property=\"article:modified_time\" content=\"2024-01-12T22:45:34+00:00\" \/>\n<meta property=\"og:image\" content=\"https:\/\/www.artcontraire.com\/wp-content\/uploads\/artcontraire-logo-text-black.png\" \/>\n\t<meta property=\"og:image:width\" content=\"1366\" \/>\n\t<meta property=\"og:image:height\" content=\"600\" \/>\n\t<meta property=\"og:image:type\" content=\"image\/png\" \/>\n<meta name=\"twitter:card\" content=\"summary_large_image\" \/>\n<meta name=\"twitter:label1\" content=\"Dur\u00e9e de lecture estim\u00e9e\" \/>\n\t<meta name=\"twitter:data1\" content=\"1 minute\" \/>\n<script type=\"application\/ld+json\" class=\"yoast-schema-graph\">{\"@context\":\"https:\/\/schema.org\",\"@graph\":[{\"@type\":\"WebPage\",\"@id\":\"https:\/\/www.artcontraire.com\/fr\/chariot\/\",\"url\":\"https:\/\/www.artcontraire.com\/fr\/chariot\/\",\"name\":\"Chariot - artContraire\",\"isPartOf\":{\"@id\":\"https:\/\/www.artcontraire.com\/fr\/#website\"},\"datePublished\":\"2018-03-18T17:20:55+00:00\",\"dateModified\":\"2024-01-12T22:45:34+00:00\",\"description\":\"Garanties d'artContraire Artistes s\u00e9lectionn\u00e9s Oeuvres originales directement de l'artiste avec certificat d'authenticit\u00e9 Prix du march\u00e9 de l'art Paiement\",\"breadcrumb\":{\"@id\":\"https:\/\/www.artcontraire.com\/fr\/chariot\/#breadcrumb\"},\"inLanguage\":\"fr-FR\",\"potentialAction\":[{\"@type\":\"ReadAction\",\"target\":[\"https:\/\/www.artcontraire.com\/fr\/chariot\/\"]}]},{\"@type\":\"BreadcrumbList\",\"@id\":\"https:\/\/www.artcontraire.com\/fr\/chariot\/#breadcrumb\",\"itemListElement\":[{\"@type\":\"ListItem\",\"position\":1,\"name\":\"Home\",\"item\":\"https:\/\/www.artcontraire.com\/fr\/\"},{\"@type\":\"ListItem\",\"position\":2,\"name\":\"Chariot\"}]},{\"@type\":\"WebSite\",\"@id\":\"https:\/\/www.artcontraire.com\/fr\/#website\",\"url\":\"https:\/\/www.artcontraire.com\/fr\/\",\"name\":\"artContraire\",\"description\":\"Be part! Be art!\",\"potentialAction\":[{\"@type\":\"SearchAction\",\"target\":{\"@type\":\"EntryPoint\",\"urlTemplate\":\"https:\/\/www.artcontraire.com\/fr\/?s={search_term_string}\"},\"query-input\":{\"@type\":\"PropertyValueSpecification\",\"valueRequired\":true,\"valueName\":\"search_term_string\"}}],\"inLanguage\":\"fr-FR\"}]}<\/script>\n<!-- \/ Yoast SEO plugin. -->","yoast_head_json":{"title":"Chariot - artContraire","description":"Garanties d'artContraire Artistes s\u00e9lectionn\u00e9s Oeuvres originales directement de l'artiste avec certificat d'authenticit\u00e9 Prix du march\u00e9 de l'art Paiement","robots":{"index":"index","follow":"follow","max-snippet":"max-snippet:-1","max-image-preview":"max-image-preview:large","max-video-preview":"max-video-preview:-1"},"canonical":"https:\/\/www.artcontraire.com\/fr\/chariot\/","og_locale":"fr_FR","og_type":"article","og_title":"Chariot - artContraire","og_description":"Garanties d'artContraire Artistes s\u00e9lectionn\u00e9s Oeuvres originales directement de l'artiste avec certificat d'authenticit\u00e9 Prix du march\u00e9 de l'art Paiement","og_url":"https:\/\/www.artcontraire.com\/fr\/chariot\/","og_site_name":"artContraire","article_publisher":"https:\/\/www.facebook.com\/artcontraire\/","article_modified_time":"2024-01-12T22:45:34+00:00","og_image":[{"width":1366,"height":600,"url":"https:\/\/www.artcontraire.com\/wp-content\/uploads\/artcontraire-logo-text-black.png","type":"image\/png"}],"twitter_card":"summary_large_image","twitter_misc":{"Dur\u00e9e de lecture estim\u00e9e":"1 minute"},"schema":{"@context":"https:\/\/schema.org","@graph":[{"@type":"WebPage","@id":"https:\/\/www.artcontraire.com\/fr\/chariot\/","url":"https:\/\/www.artcontraire.com\/fr\/chariot\/","name":"Chariot - artContraire","isPartOf":{"@id":"https:\/\/www.artcontraire.com\/fr\/#website"},"datePublished":"2018-03-18T17:20:55+00:00","dateModified":"2024-01-12T22:45:34+00:00","description":"Garanties d'artContraire Artistes s\u00e9lectionn\u00e9s Oeuvres originales directement de l'artiste avec certificat d'authenticit\u00e9 Prix du march\u00e9 de l'art Paiement","breadcrumb":{"@id":"https:\/\/www.artcontraire.com\/fr\/chariot\/#breadcrumb"},"inLanguage":"fr-FR","potentialAction":[{"@type":"ReadAction","target":["https:\/\/www.artcontraire.com\/fr\/chariot\/"]}]},{"@type":"BreadcrumbList","@id":"https:\/\/www.artcontraire.com\/fr\/chariot\/#breadcrumb","itemListElement":[{"@type":"ListItem","position":1,"name":"Home","item":"https:\/\/www.artcontraire.com\/fr\/"},{"@type":"ListItem","position":2,"name":"Chariot"}]},{"@type":"WebSite","@id":"https:\/\/www.artcontraire.com\/fr\/#website","url":"https:\/\/www.artcontraire.com\/fr\/","name":"artContraire","description":"Be part! Be art!","potentialAction":[{"@type":"SearchAction","target":{"@type":"EntryPoint","urlTemplate":"https:\/\/www.artcontraire.com\/fr\/?s={search_term_string}"},"query-input":{"@type":"PropertyValueSpecification","valueRequired":true,"valueName":"search_term_string"}}],"inLanguage":"fr-FR"}]}},"_links":{"self":[{"href":"https:\/\/www.artcontraire.com\/fr\/wp-json\/wp\/v2\/pages\/30037","targetHints":{"allow":["GET"]}}],"collection":[{"href":"https:\/\/www.artcontraire.com\/fr\/wp-json\/wp\/v2\/pages"}],"about":[{"href":"https:\/\/www.artcontraire.com\/fr\/wp-json\/wp\/v2\/types\/page"}],"author":[{"embeddable":true,"href":"https:\/\/www.artcontraire.com\/fr\/wp-json\/wp\/v2\/users\/150"}],"replies":[{"embeddable":true,"href":"https:\/\/www.artcontraire.com\/fr\/wp-json\/wp\/v2\/comments?post=30037"}],"version-history":[{"count":6,"href":"https:\/\/www.artcontraire.com\/fr\/wp-json\/wp\/v2\/pages\/30037\/revisions"}],"predecessor-version":[{"id":31383,"href":"https:\/\/www.artcontraire.com\/fr\/wp-json\/wp\/v2\/pages\/30037\/revisions\/31383"}],"wp:attachment":[{"href":"https:\/\/www.artcontraire.com\/fr\/wp-json\/wp\/v2\/media?parent=30037"}],"curies":[{"name":"wp","href":"https:\/\/api.w.org\/{rel}","templated":true}]}}