{"id":31632,"date":"2024-04-02T17:29:48","date_gmt":"2024-04-02T17:29:48","guid":{"rendered":"https:\/\/www.artcontraire.com\/artwork\/various\/wohin-es-uns-weht\/"},"modified":"2024-04-02T17:39:09","modified_gmt":"2024-04-02T17:39:09","slug":"wohin-es-uns-weht","status":"publish","type":"product","link":"https:\/\/www.artcontraire.com\/de\/kunstwerk\/hans-salcher\/wohin-es-uns-weht\/","title":{"rendered":"Wohin es uns weht"},"content":{"rendered":"Hans Salcher malt auf handgesch\u00f6pftem B\u00fcttenpapier. Das Papier ist handgemacht und damit sind Abweichungen bei Format, R\u00e4ndern und Farbe (leicht cremefarben bis wei\u00dflich) m\u00f6glich, was neben dem Werk auch schon den Untergrund des Kunstwerks selbst zu einem Unikat macht. Das Bild wird ohne Rahmen geliefert.","protected":false},"excerpt":{"rendered":"Hans Salcher malt auf handgesch\u00f6pftem B\u00fcttenpapier. Das Papier ist handgemacht und damit sind Abweichungen bei Format, R\u00e4ndern und Farbe (leicht &#8230;","protected":false},"featured_media":31659,"template":"","meta":{"_acf_changed":false},"product_cat":[248],"product_tag":[70],"artist":[119],"artwork_type":[78],"color":[58,62],"series":[],"class_list":{"0":"post-31632","1":"product","2":"type-product","3":"status-publish","4":"has-post-thumbnail","6":"product_cat-uncategorized-de","7":"product_tag-beliebt","8":"product_shipping_class-free","9":"artist-hans-salcher-de","10":"artwork_type-bilder","11":"color-dunkelblau","12":"color-rot","13":"images-loading","14":"artwork_type-paintings","16":"first","17":"instock","18":"sold-individually","19":"product-type-simple"},"acf":[],"yoast_head":"<!-- This site is optimized with the Yoast SEO plugin v26.8 - https:\/\/yoast.com\/product\/yoast-seo-wordpress\/ -->\n<title>Wohin es uns weht von Hans Salcher \u2013 Bild, \u00d6l - artContraire<\/title>\n<meta name=\"description\" content=\"Hans Salcher: Wohin es uns weht ist ein Bild, das ich im Jahr 2023 mit \u00d6l gemalt habe. Die Ma\u00dfe sind 56 x 38 cm.\" \/>\n<meta name=\"robots\" content=\"index, follow, max-snippet:-1, max-image-preview:large, max-video-preview:-1\" \/>\n<link rel=\"canonical\" href=\"https:\/\/www.artcontraire.com\/de\/kunstwerk\/hans-salcher\/wohin-es-uns-weht\/\" \/>\n<meta property=\"og:locale\" content=\"de_DE\" \/>\n<meta property=\"og:type\" content=\"article\" \/>\n<meta property=\"og:title\" content=\"Wohin es uns weht von Hans Salcher \u2013 Bild, \u00d6l - artContraire\" \/>\n<meta property=\"og:description\" content=\"Hans Salcher: Wohin es uns weht ist ein Bild, das ich im Jahr 2023 mit \u00d6l gemalt habe. Die Ma\u00dfe sind 56 x 38 cm.\" \/>\n<meta property=\"og:url\" content=\"https:\/\/www.artcontraire.com\/de\/kunstwerk\/hans-salcher\/wohin-es-uns-weht\/\" \/>\n<meta property=\"og:site_name\" content=\"artContraire\" \/>\n<meta property=\"article:publisher\" content=\"https:\/\/www.facebook.com\/artcontraire\/\" \/>\n<meta property=\"article:modified_time\" content=\"2024-04-02T17:39:09+00:00\" \/>\n<meta property=\"og:image\" content=\"https:\/\/www.artcontraire.com\/wp-content\/uploads\/wohin-es-uns-weht-boot-bild-hans-salcher.jpg\" \/>\n\t<meta property=\"og:image:width\" content=\"1381\" \/>\n\t<meta property=\"og:image:height\" content=\"2000\" \/>\n\t<meta property=\"og:image:type\" content=\"image\/jpeg\" \/>\n<meta name=\"twitter:card\" content=\"summary_large_image\" \/>\n<script type=\"application\/ld+json\" class=\"yoast-schema-graph\">{\"@context\":\"https:\/\/schema.org\",\"@graph\":[{\"@type\":\"WebPage\",\"@id\":\"https:\/\/www.artcontraire.com\/de\/kunstwerk\/hans-salcher\/wohin-es-uns-weht\/\",\"url\":\"https:\/\/www.artcontraire.com\/de\/kunstwerk\/hans-salcher\/wohin-es-uns-weht\/\",\"name\":\"Wohin es uns weht von Hans Salcher \u2013 Bild, \u00d6l - artContraire\",\"isPartOf\":{\"@id\":\"https:\/\/www.artcontraire.com\/de\/#website\"},\"primaryImageOfPage\":{\"@id\":\"https:\/\/www.artcontraire.com\/de\/kunstwerk\/hans-salcher\/wohin-es-uns-weht\/#primaryimage\"},\"image\":{\"@id\":\"https:\/\/www.artcontraire.com\/de\/kunstwerk\/hans-salcher\/wohin-es-uns-weht\/#primaryimage\"},\"thumbnailUrl\":\"https:\/\/www.artcontraire.com\/wp-content\/uploads\/wohin-es-uns-weht-boot-bild-hans-salcher.jpg\",\"datePublished\":\"2024-04-02T17:29:48+00:00\",\"dateModified\":\"2024-04-02T17:39:09+00:00\",\"description\":\"Hans Salcher: Wohin es uns weht ist ein Bild, das ich im Jahr 2023 mit \u00d6l gemalt habe. Die Ma\u00dfe sind 56 x 38 cm.\",\"breadcrumb\":{\"@id\":\"https:\/\/www.artcontraire.com\/de\/kunstwerk\/hans-salcher\/wohin-es-uns-weht\/#breadcrumb\"},\"inLanguage\":\"de\",\"potentialAction\":[{\"@type\":\"ReadAction\",\"target\":[\"https:\/\/www.artcontraire.com\/de\/kunstwerk\/hans-salcher\/wohin-es-uns-weht\/\"]}]},{\"@type\":\"ImageObject\",\"inLanguage\":\"de\",\"@id\":\"https:\/\/www.artcontraire.com\/de\/kunstwerk\/hans-salcher\/wohin-es-uns-weht\/#primaryimage\",\"url\":\"https:\/\/www.artcontraire.com\/wp-content\/uploads\/wohin-es-uns-weht-boot-bild-hans-salcher.jpg\",\"contentUrl\":\"https:\/\/www.artcontraire.com\/wp-content\/uploads\/wohin-es-uns-weht-boot-bild-hans-salcher.jpg\",\"width\":1381,\"height\":2000},{\"@type\":\"BreadcrumbList\",\"@id\":\"https:\/\/www.artcontraire.com\/de\/kunstwerk\/hans-salcher\/wohin-es-uns-weht\/#breadcrumb\",\"itemListElement\":[{\"@type\":\"ListItem\",\"position\":1,\"name\":\"Home\",\"item\":\"https:\/\/www.artcontraire.com\/de\/\"},{\"@type\":\"ListItem\",\"position\":2,\"name\":\"Shop\",\"item\":\"https:\/\/www.artcontraire.com\/de\/shop\/\"},{\"@type\":\"ListItem\",\"position\":3,\"name\":\"Wohin es uns weht\"}]},{\"@type\":\"WebSite\",\"@id\":\"https:\/\/www.artcontraire.com\/de\/#website\",\"url\":\"https:\/\/www.artcontraire.com\/de\/\",\"name\":\"artContraire\",\"description\":\"Be part! Be art!\",\"potentialAction\":[{\"@type\":\"SearchAction\",\"target\":{\"@type\":\"EntryPoint\",\"urlTemplate\":\"https:\/\/www.artcontraire.com\/de\/?s={search_term_string}\"},\"query-input\":{\"@type\":\"PropertyValueSpecification\",\"valueRequired\":true,\"valueName\":\"search_term_string\"}}],\"inLanguage\":\"de\"}]}<\/script>\n<!-- \/ Yoast SEO plugin. -->","yoast_head_json":{"title":"Wohin es uns weht von Hans Salcher \u2013 Bild, \u00d6l - artContraire","description":"Hans Salcher: Wohin es uns weht ist ein Bild, das ich im Jahr 2023 mit \u00d6l gemalt habe. Die Ma\u00dfe sind 56 x 38 cm.","robots":{"index":"index","follow":"follow","max-snippet":"max-snippet:-1","max-image-preview":"max-image-preview:large","max-video-preview":"max-video-preview:-1"},"canonical":"https:\/\/www.artcontraire.com\/de\/kunstwerk\/hans-salcher\/wohin-es-uns-weht\/","og_locale":"de_DE","og_type":"article","og_title":"Wohin es uns weht von Hans Salcher \u2013 Bild, \u00d6l - artContraire","og_description":"Hans Salcher: Wohin es uns weht ist ein Bild, das ich im Jahr 2023 mit \u00d6l gemalt habe. Die Ma\u00dfe sind 56 x 38 cm.","og_url":"https:\/\/www.artcontraire.com\/de\/kunstwerk\/hans-salcher\/wohin-es-uns-weht\/","og_site_name":"artContraire","article_publisher":"https:\/\/www.facebook.com\/artcontraire\/","article_modified_time":"2024-04-02T17:39:09+00:00","og_image":[{"width":1381,"height":2000,"url":"https:\/\/www.artcontraire.com\/wp-content\/uploads\/wohin-es-uns-weht-boot-bild-hans-salcher.jpg","type":"image\/jpeg"}],"twitter_card":"summary_large_image","schema":{"@context":"https:\/\/schema.org","@graph":[{"@type":"WebPage","@id":"https:\/\/www.artcontraire.com\/de\/kunstwerk\/hans-salcher\/wohin-es-uns-weht\/","url":"https:\/\/www.artcontraire.com\/de\/kunstwerk\/hans-salcher\/wohin-es-uns-weht\/","name":"Wohin es uns weht von Hans Salcher \u2013 Bild, \u00d6l - artContraire","isPartOf":{"@id":"https:\/\/www.artcontraire.com\/de\/#website"},"primaryImageOfPage":{"@id":"https:\/\/www.artcontraire.com\/de\/kunstwerk\/hans-salcher\/wohin-es-uns-weht\/#primaryimage"},"image":{"@id":"https:\/\/www.artcontraire.com\/de\/kunstwerk\/hans-salcher\/wohin-es-uns-weht\/#primaryimage"},"thumbnailUrl":"https:\/\/www.artcontraire.com\/wp-content\/uploads\/wohin-es-uns-weht-boot-bild-hans-salcher.jpg","datePublished":"2024-04-02T17:29:48+00:00","dateModified":"2024-04-02T17:39:09+00:00","description":"Hans Salcher: Wohin es uns weht ist ein Bild, das ich im Jahr 2023 mit \u00d6l gemalt habe. Die Ma\u00dfe sind 56 x 38 cm.","breadcrumb":{"@id":"https:\/\/www.artcontraire.com\/de\/kunstwerk\/hans-salcher\/wohin-es-uns-weht\/#breadcrumb"},"inLanguage":"de","potentialAction":[{"@type":"ReadAction","target":["https:\/\/www.artcontraire.com\/de\/kunstwerk\/hans-salcher\/wohin-es-uns-weht\/"]}]},{"@type":"ImageObject","inLanguage":"de","@id":"https:\/\/www.artcontraire.com\/de\/kunstwerk\/hans-salcher\/wohin-es-uns-weht\/#primaryimage","url":"https:\/\/www.artcontraire.com\/wp-content\/uploads\/wohin-es-uns-weht-boot-bild-hans-salcher.jpg","contentUrl":"https:\/\/www.artcontraire.com\/wp-content\/uploads\/wohin-es-uns-weht-boot-bild-hans-salcher.jpg","width":1381,"height":2000},{"@type":"BreadcrumbList","@id":"https:\/\/www.artcontraire.com\/de\/kunstwerk\/hans-salcher\/wohin-es-uns-weht\/#breadcrumb","itemListElement":[{"@type":"ListItem","position":1,"name":"Home","item":"https:\/\/www.artcontraire.com\/de\/"},{"@type":"ListItem","position":2,"name":"Shop","item":"https:\/\/www.artcontraire.com\/de\/shop\/"},{"@type":"ListItem","position":3,"name":"Wohin es uns weht"}]},{"@type":"WebSite","@id":"https:\/\/www.artcontraire.com\/de\/#website","url":"https:\/\/www.artcontraire.com\/de\/","name":"artContraire","description":"Be part! Be art!","potentialAction":[{"@type":"SearchAction","target":{"@type":"EntryPoint","urlTemplate":"https:\/\/www.artcontraire.com\/de\/?s={search_term_string}"},"query-input":{"@type":"PropertyValueSpecification","valueRequired":true,"valueName":"search_term_string"}}],"inLanguage":"de"}]}},"_links":{"self":[{"href":"https:\/\/www.artcontraire.com\/de\/wp-json\/wp\/v2\/product\/31632","targetHints":{"allow":["GET"]}}],"collection":[{"href":"https:\/\/www.artcontraire.com\/de\/wp-json\/wp\/v2\/product"}],"about":[{"href":"https:\/\/www.artcontraire.com\/de\/wp-json\/wp\/v2\/types\/product"}],"wp:featuredmedia":[{"embeddable":true,"href":"https:\/\/www.artcontraire.com\/de\/wp-json\/wp\/v2\/media\/31659"}],"wp:attachment":[{"href":"https:\/\/www.artcontraire.com\/de\/wp-json\/wp\/v2\/media?parent=31632"}],"wp:term":[{"taxonomy":"product_cat","embeddable":true,"href":"https:\/\/www.artcontraire.com\/de\/wp-json\/wp\/v2\/product_cat?post=31632"},{"taxonomy":"product_tag","embeddable":true,"href":"https:\/\/www.artcontraire.com\/de\/wp-json\/wp\/v2\/product_tag?post=31632"},{"taxonomy":"artist","embeddable":true,"href":"https:\/\/www.artcontraire.com\/de\/wp-json\/wp\/v2\/artist?post=31632"},{"taxonomy":"artwork_type","embeddable":true,"href":"https:\/\/www.artcontraire.com\/de\/wp-json\/wp\/v2\/artwork_type?post=31632"},{"taxonomy":"color","embeddable":true,"href":"https:\/\/www.artcontraire.com\/de\/wp-json\/wp\/v2\/color?post=31632"},{"taxonomy":"series","embeddable":true,"href":"https:\/\/www.artcontraire.com\/de\/wp-json\/wp\/v2\/series?post=31632"}],"curies":[{"name":"wp","href":"https:\/\/api.w.org\/{rel}","templated":true}]}}