{"id":29029,"date":"2024-04-02T17:29:19","date_gmt":"2024-04-02T17:29:19","guid":{"rendered":"https:\/\/www.artcontraire.com\/artwork\/various\/hinauf\/"},"modified":"2024-04-02T17:38:32","modified_gmt":"2024-04-02T17:38:32","slug":"hinauf","status":"publish","type":"product","link":"https:\/\/www.artcontraire.com\/de\/kunstwerk\/hans-salcher\/hinauf\/","title":{"rendered":"Hinauf"},"content":{"rendered":"","protected":false},"excerpt":{"rendered":"","protected":false},"featured_media":31542,"template":"","meta":{"_acf_changed":false},"product_cat":[248],"product_tag":[70],"artist":[119],"artwork_type":[78],"color":[58,66,62,67],"series":[],"class_list":{"0":"post-29029","1":"product","2":"type-product","3":"status-publish","4":"has-post-thumbnail","6":"product_cat-uncategorized-de","7":"product_tag-beliebt","8":"product_shipping_class-free","9":"artist-hans-salcher-de","10":"artwork_type-bilder","11":"color-dunkelblau","12":"color-gelb","13":"color-rot","14":"color-schwarz-weiss","15":"images-loading","16":"artwork_type-paintings","18":"first","19":"outofstock","20":"sold-individually","21":"product-type-simple"},"acf":[],"yoast_head":"<!-- This site is optimized with the Yoast SEO plugin v26.8 - https:\/\/yoast.com\/product\/yoast-seo-wordpress\/ -->\n<title>Hinauf von Hans Salcher \u2013 Bild, \u00d6l - artContraire<\/title>\n<meta name=\"description\" content=\"Hans Salcher: Hinauf ist ein Bild, das ich mit \u00d6l gemalt habe. Die Ma\u00dfe sind 55 x 37 cm.\" \/>\n<meta name=\"robots\" content=\"index, follow, max-snippet:-1, max-image-preview:large, max-video-preview:-1\" \/>\n<link rel=\"canonical\" href=\"https:\/\/www.artcontraire.com\/de\/kunstwerk\/hans-salcher\/hinauf\/\" \/>\n<meta property=\"og:locale\" content=\"de_DE\" \/>\n<meta property=\"og:type\" content=\"article\" \/>\n<meta property=\"og:title\" content=\"Hinauf von Hans Salcher \u2013 Bild, \u00d6l - artContraire\" \/>\n<meta property=\"og:description\" content=\"Hans Salcher: Hinauf ist ein Bild, das ich mit \u00d6l gemalt habe. Die Ma\u00dfe sind 55 x 37 cm.\" \/>\n<meta property=\"og:url\" content=\"https:\/\/www.artcontraire.com\/de\/kunstwerk\/hans-salcher\/hinauf\/\" \/>\n<meta property=\"og:site_name\" content=\"artContraire\" \/>\n<meta property=\"article:publisher\" content=\"https:\/\/www.facebook.com\/artcontraire\/\" \/>\n<meta property=\"article:modified_time\" content=\"2024-04-02T17:38:32+00:00\" \/>\n<meta property=\"og:image\" content=\"https:\/\/www.artcontraire.com\/wp-content\/uploads\/hinauf-bild-hans-salcher.jpg\" \/>\n\t<meta property=\"og:image:width\" content=\"1417\" \/>\n\t<meta property=\"og:image:height\" content=\"2000\" \/>\n\t<meta property=\"og:image:type\" content=\"image\/jpeg\" \/>\n<meta name=\"twitter:card\" content=\"summary_large_image\" \/>\n<script type=\"application\/ld+json\" class=\"yoast-schema-graph\">{\"@context\":\"https:\/\/schema.org\",\"@graph\":[{\"@type\":\"WebPage\",\"@id\":\"https:\/\/www.artcontraire.com\/de\/kunstwerk\/hans-salcher\/hinauf\/\",\"url\":\"https:\/\/www.artcontraire.com\/de\/kunstwerk\/hans-salcher\/hinauf\/\",\"name\":\"Hinauf von Hans Salcher \u2013 Bild, \u00d6l - artContraire\",\"isPartOf\":{\"@id\":\"https:\/\/www.artcontraire.com\/de\/#website\"},\"primaryImageOfPage\":{\"@id\":\"https:\/\/www.artcontraire.com\/de\/kunstwerk\/hans-salcher\/hinauf\/#primaryimage\"},\"image\":{\"@id\":\"https:\/\/www.artcontraire.com\/de\/kunstwerk\/hans-salcher\/hinauf\/#primaryimage\"},\"thumbnailUrl\":\"https:\/\/www.artcontraire.com\/wp-content\/uploads\/hinauf-bild-hans-salcher.jpg\",\"datePublished\":\"2024-04-02T17:29:19+00:00\",\"dateModified\":\"2024-04-02T17:38:32+00:00\",\"description\":\"Hans Salcher: Hinauf ist ein Bild, das ich mit \u00d6l gemalt habe. Die Ma\u00dfe sind 55 x 37 cm.\",\"breadcrumb\":{\"@id\":\"https:\/\/www.artcontraire.com\/de\/kunstwerk\/hans-salcher\/hinauf\/#breadcrumb\"},\"inLanguage\":\"de\",\"potentialAction\":[{\"@type\":\"ReadAction\",\"target\":[\"https:\/\/www.artcontraire.com\/de\/kunstwerk\/hans-salcher\/hinauf\/\"]}]},{\"@type\":\"ImageObject\",\"inLanguage\":\"de\",\"@id\":\"https:\/\/www.artcontraire.com\/de\/kunstwerk\/hans-salcher\/hinauf\/#primaryimage\",\"url\":\"https:\/\/www.artcontraire.com\/wp-content\/uploads\/hinauf-bild-hans-salcher.jpg\",\"contentUrl\":\"https:\/\/www.artcontraire.com\/wp-content\/uploads\/hinauf-bild-hans-salcher.jpg\",\"width\":1417,\"height\":2000},{\"@type\":\"BreadcrumbList\",\"@id\":\"https:\/\/www.artcontraire.com\/de\/kunstwerk\/hans-salcher\/hinauf\/#breadcrumb\",\"itemListElement\":[{\"@type\":\"ListItem\",\"position\":1,\"name\":\"Home\",\"item\":\"https:\/\/www.artcontraire.com\/de\/\"},{\"@type\":\"ListItem\",\"position\":2,\"name\":\"Shop\",\"item\":\"https:\/\/www.artcontraire.com\/de\/shop\/\"},{\"@type\":\"ListItem\",\"position\":3,\"name\":\"Hinauf\"}]},{\"@type\":\"WebSite\",\"@id\":\"https:\/\/www.artcontraire.com\/de\/#website\",\"url\":\"https:\/\/www.artcontraire.com\/de\/\",\"name\":\"artContraire\",\"description\":\"Be part! Be art!\",\"potentialAction\":[{\"@type\":\"SearchAction\",\"target\":{\"@type\":\"EntryPoint\",\"urlTemplate\":\"https:\/\/www.artcontraire.com\/de\/?s={search_term_string}\"},\"query-input\":{\"@type\":\"PropertyValueSpecification\",\"valueRequired\":true,\"valueName\":\"search_term_string\"}}],\"inLanguage\":\"de\"}]}<\/script>\n<!-- \/ Yoast SEO plugin. -->","yoast_head_json":{"title":"Hinauf von Hans Salcher \u2013 Bild, \u00d6l - artContraire","description":"Hans Salcher: Hinauf ist ein Bild, das ich mit \u00d6l gemalt habe. Die Ma\u00dfe sind 55 x 37 cm.","robots":{"index":"index","follow":"follow","max-snippet":"max-snippet:-1","max-image-preview":"max-image-preview:large","max-video-preview":"max-video-preview:-1"},"canonical":"https:\/\/www.artcontraire.com\/de\/kunstwerk\/hans-salcher\/hinauf\/","og_locale":"de_DE","og_type":"article","og_title":"Hinauf von Hans Salcher \u2013 Bild, \u00d6l - artContraire","og_description":"Hans Salcher: Hinauf ist ein Bild, das ich mit \u00d6l gemalt habe. Die Ma\u00dfe sind 55 x 37 cm.","og_url":"https:\/\/www.artcontraire.com\/de\/kunstwerk\/hans-salcher\/hinauf\/","og_site_name":"artContraire","article_publisher":"https:\/\/www.facebook.com\/artcontraire\/","article_modified_time":"2024-04-02T17:38:32+00:00","og_image":[{"width":1417,"height":2000,"url":"https:\/\/www.artcontraire.com\/wp-content\/uploads\/hinauf-bild-hans-salcher.jpg","type":"image\/jpeg"}],"twitter_card":"summary_large_image","schema":{"@context":"https:\/\/schema.org","@graph":[{"@type":"WebPage","@id":"https:\/\/www.artcontraire.com\/de\/kunstwerk\/hans-salcher\/hinauf\/","url":"https:\/\/www.artcontraire.com\/de\/kunstwerk\/hans-salcher\/hinauf\/","name":"Hinauf von Hans Salcher \u2013 Bild, \u00d6l - artContraire","isPartOf":{"@id":"https:\/\/www.artcontraire.com\/de\/#website"},"primaryImageOfPage":{"@id":"https:\/\/www.artcontraire.com\/de\/kunstwerk\/hans-salcher\/hinauf\/#primaryimage"},"image":{"@id":"https:\/\/www.artcontraire.com\/de\/kunstwerk\/hans-salcher\/hinauf\/#primaryimage"},"thumbnailUrl":"https:\/\/www.artcontraire.com\/wp-content\/uploads\/hinauf-bild-hans-salcher.jpg","datePublished":"2024-04-02T17:29:19+00:00","dateModified":"2024-04-02T17:38:32+00:00","description":"Hans Salcher: Hinauf ist ein Bild, das ich mit \u00d6l gemalt habe. Die Ma\u00dfe sind 55 x 37 cm.","breadcrumb":{"@id":"https:\/\/www.artcontraire.com\/de\/kunstwerk\/hans-salcher\/hinauf\/#breadcrumb"},"inLanguage":"de","potentialAction":[{"@type":"ReadAction","target":["https:\/\/www.artcontraire.com\/de\/kunstwerk\/hans-salcher\/hinauf\/"]}]},{"@type":"ImageObject","inLanguage":"de","@id":"https:\/\/www.artcontraire.com\/de\/kunstwerk\/hans-salcher\/hinauf\/#primaryimage","url":"https:\/\/www.artcontraire.com\/wp-content\/uploads\/hinauf-bild-hans-salcher.jpg","contentUrl":"https:\/\/www.artcontraire.com\/wp-content\/uploads\/hinauf-bild-hans-salcher.jpg","width":1417,"height":2000},{"@type":"BreadcrumbList","@id":"https:\/\/www.artcontraire.com\/de\/kunstwerk\/hans-salcher\/hinauf\/#breadcrumb","itemListElement":[{"@type":"ListItem","position":1,"name":"Home","item":"https:\/\/www.artcontraire.com\/de\/"},{"@type":"ListItem","position":2,"name":"Shop","item":"https:\/\/www.artcontraire.com\/de\/shop\/"},{"@type":"ListItem","position":3,"name":"Hinauf"}]},{"@type":"WebSite","@id":"https:\/\/www.artcontraire.com\/de\/#website","url":"https:\/\/www.artcontraire.com\/de\/","name":"artContraire","description":"Be part! Be art!","potentialAction":[{"@type":"SearchAction","target":{"@type":"EntryPoint","urlTemplate":"https:\/\/www.artcontraire.com\/de\/?s={search_term_string}"},"query-input":{"@type":"PropertyValueSpecification","valueRequired":true,"valueName":"search_term_string"}}],"inLanguage":"de"}]}},"_links":{"self":[{"href":"https:\/\/www.artcontraire.com\/de\/wp-json\/wp\/v2\/product\/29029","targetHints":{"allow":["GET"]}}],"collection":[{"href":"https:\/\/www.artcontraire.com\/de\/wp-json\/wp\/v2\/product"}],"about":[{"href":"https:\/\/www.artcontraire.com\/de\/wp-json\/wp\/v2\/types\/product"}],"wp:featuredmedia":[{"embeddable":true,"href":"https:\/\/www.artcontraire.com\/de\/wp-json\/wp\/v2\/media\/31542"}],"wp:attachment":[{"href":"https:\/\/www.artcontraire.com\/de\/wp-json\/wp\/v2\/media?parent=29029"}],"wp:term":[{"taxonomy":"product_cat","embeddable":true,"href":"https:\/\/www.artcontraire.com\/de\/wp-json\/wp\/v2\/product_cat?post=29029"},{"taxonomy":"product_tag","embeddable":true,"href":"https:\/\/www.artcontraire.com\/de\/wp-json\/wp\/v2\/product_tag?post=29029"},{"taxonomy":"artist","embeddable":true,"href":"https:\/\/www.artcontraire.com\/de\/wp-json\/wp\/v2\/artist?post=29029"},{"taxonomy":"artwork_type","embeddable":true,"href":"https:\/\/www.artcontraire.com\/de\/wp-json\/wp\/v2\/artwork_type?post=29029"},{"taxonomy":"color","embeddable":true,"href":"https:\/\/www.artcontraire.com\/de\/wp-json\/wp\/v2\/color?post=29029"},{"taxonomy":"series","embeddable":true,"href":"https:\/\/www.artcontraire.com\/de\/wp-json\/wp\/v2\/series?post=29029"}],"curies":[{"name":"wp","href":"https:\/\/api.w.org\/{rel}","templated":true}]}}