{"id":25972,"date":"2021-11-21T23:36:46","date_gmt":"2021-11-21T23:36:46","guid":{"rendered":"https:\/\/www.artcontraire.com\/artwork\/various\/eibenbaum\/"},"modified":"2021-11-21T23:45:31","modified_gmt":"2021-11-21T23:45:31","slug":"eibenbaum","status":"publish","type":"product","link":"https:\/\/www.artcontraire.com\/de\/kunstwerk\/noel-paine\/eibenbaum\/","title":{"rendered":"Eibenbaum"},"content":{"rendered":"","protected":false},"excerpt":{"rendered":"","protected":false},"featured_media":25945,"template":"","meta":{"_acf_changed":false},"product_cat":[248],"product_tag":[],"artist":[136],"artwork_type":[78],"color":[64,56],"series":[],"class_list":{"0":"post-25972","1":"product","2":"type-product","3":"status-publish","4":"has-post-thumbnail","6":"product_cat-uncategorized-de","7":"artist-noel-paine-de","8":"artwork_type-bilder","9":"color-braun","10":"color-dunkelgruen","11":"images-loading","12":"artwork_type-paintings","14":"first","15":"instock","16":"sold-individually","17":"product-type-simple"},"acf":[],"yoast_head":"<!-- This site is optimized with the Yoast SEO plugin v26.8 - https:\/\/yoast.com\/product\/yoast-seo-wordpress\/ -->\n<title>Eibenbaum von Noel Paine \u2013 Bild, \u00d6l auf Leinen - artContraire<\/title>\n<meta name=\"description\" content=\"Noel Paine: Eibenbaum ist ein Bild, das ich im Jahr 2019 mit \u00d6l auf Leinen gemalt habe. Die Ma\u00dfe sind 15 x 15 cm.\" \/>\n<meta name=\"robots\" content=\"index, follow, max-snippet:-1, max-image-preview:large, max-video-preview:-1\" \/>\n<link rel=\"canonical\" href=\"https:\/\/www.artcontraire.com\/de\/kunstwerk\/noel-paine\/eibenbaum\/\" \/>\n<meta property=\"og:locale\" content=\"de_DE\" \/>\n<meta property=\"og:type\" content=\"article\" \/>\n<meta property=\"og:title\" content=\"Eibenbaum von Noel Paine \u2013 Bild, \u00d6l auf Leinen - artContraire\" \/>\n<meta property=\"og:description\" content=\"Noel Paine: Eibenbaum ist ein Bild, das ich im Jahr 2019 mit \u00d6l auf Leinen gemalt habe. Die Ma\u00dfe sind 15 x 15 cm.\" \/>\n<meta property=\"og:url\" content=\"https:\/\/www.artcontraire.com\/de\/kunstwerk\/noel-paine\/eibenbaum\/\" \/>\n<meta property=\"og:site_name\" content=\"artContraire\" \/>\n<meta property=\"article:publisher\" content=\"https:\/\/www.facebook.com\/artcontraire\/\" \/>\n<meta property=\"article:modified_time\" content=\"2021-11-21T23:45:31+00:00\" \/>\n<meta property=\"og:image\" content=\"https:\/\/www.artcontraire.com\/wp-content\/uploads\/yew-tree-noel-paine-painting.jpg\" \/>\n\t<meta property=\"og:image:width\" content=\"2338\" \/>\n\t<meta property=\"og:image:height\" content=\"2400\" \/>\n\t<meta property=\"og:image:type\" content=\"image\/jpeg\" \/>\n<meta name=\"twitter:card\" content=\"summary_large_image\" \/>\n<script type=\"application\/ld+json\" class=\"yoast-schema-graph\">{\"@context\":\"https:\/\/schema.org\",\"@graph\":[{\"@type\":\"WebPage\",\"@id\":\"https:\/\/www.artcontraire.com\/de\/kunstwerk\/noel-paine\/eibenbaum\/\",\"url\":\"https:\/\/www.artcontraire.com\/de\/kunstwerk\/noel-paine\/eibenbaum\/\",\"name\":\"Eibenbaum von Noel Paine \u2013 Bild, \u00d6l auf Leinen - artContraire\",\"isPartOf\":{\"@id\":\"https:\/\/www.artcontraire.com\/de\/#website\"},\"primaryImageOfPage\":{\"@id\":\"https:\/\/www.artcontraire.com\/de\/kunstwerk\/noel-paine\/eibenbaum\/#primaryimage\"},\"image\":{\"@id\":\"https:\/\/www.artcontraire.com\/de\/kunstwerk\/noel-paine\/eibenbaum\/#primaryimage\"},\"thumbnailUrl\":\"https:\/\/www.artcontraire.com\/wp-content\/uploads\/yew-tree-noel-paine-painting.jpg\",\"datePublished\":\"2021-11-21T23:36:46+00:00\",\"dateModified\":\"2021-11-21T23:45:31+00:00\",\"description\":\"Noel Paine: Eibenbaum ist ein Bild, das ich im Jahr 2019 mit \u00d6l auf Leinen gemalt habe. Die Ma\u00dfe sind 15 x 15 cm.\",\"breadcrumb\":{\"@id\":\"https:\/\/www.artcontraire.com\/de\/kunstwerk\/noel-paine\/eibenbaum\/#breadcrumb\"},\"inLanguage\":\"de\",\"potentialAction\":[{\"@type\":\"ReadAction\",\"target\":[\"https:\/\/www.artcontraire.com\/de\/kunstwerk\/noel-paine\/eibenbaum\/\"]}]},{\"@type\":\"ImageObject\",\"inLanguage\":\"de\",\"@id\":\"https:\/\/www.artcontraire.com\/de\/kunstwerk\/noel-paine\/eibenbaum\/#primaryimage\",\"url\":\"https:\/\/www.artcontraire.com\/wp-content\/uploads\/yew-tree-noel-paine-painting.jpg\",\"contentUrl\":\"https:\/\/www.artcontraire.com\/wp-content\/uploads\/yew-tree-noel-paine-painting.jpg\",\"width\":2338,\"height\":2400},{\"@type\":\"BreadcrumbList\",\"@id\":\"https:\/\/www.artcontraire.com\/de\/kunstwerk\/noel-paine\/eibenbaum\/#breadcrumb\",\"itemListElement\":[{\"@type\":\"ListItem\",\"position\":1,\"name\":\"Home\",\"item\":\"https:\/\/www.artcontraire.com\/de\/\"},{\"@type\":\"ListItem\",\"position\":2,\"name\":\"Shop\",\"item\":\"https:\/\/www.artcontraire.com\/de\/shop\/\"},{\"@type\":\"ListItem\",\"position\":3,\"name\":\"Eibenbaum\"}]},{\"@type\":\"WebSite\",\"@id\":\"https:\/\/www.artcontraire.com\/de\/#website\",\"url\":\"https:\/\/www.artcontraire.com\/de\/\",\"name\":\"artContraire\",\"description\":\"Be part! Be art!\",\"potentialAction\":[{\"@type\":\"SearchAction\",\"target\":{\"@type\":\"EntryPoint\",\"urlTemplate\":\"https:\/\/www.artcontraire.com\/de\/?s={search_term_string}\"},\"query-input\":{\"@type\":\"PropertyValueSpecification\",\"valueRequired\":true,\"valueName\":\"search_term_string\"}}],\"inLanguage\":\"de\"}]}<\/script>\n<!-- \/ Yoast SEO plugin. -->","yoast_head_json":{"title":"Eibenbaum von Noel Paine \u2013 Bild, \u00d6l auf Leinen - artContraire","description":"Noel Paine: Eibenbaum ist ein Bild, das ich im Jahr 2019 mit \u00d6l auf Leinen gemalt habe. Die Ma\u00dfe sind 15 x 15 cm.","robots":{"index":"index","follow":"follow","max-snippet":"max-snippet:-1","max-image-preview":"max-image-preview:large","max-video-preview":"max-video-preview:-1"},"canonical":"https:\/\/www.artcontraire.com\/de\/kunstwerk\/noel-paine\/eibenbaum\/","og_locale":"de_DE","og_type":"article","og_title":"Eibenbaum von Noel Paine \u2013 Bild, \u00d6l auf Leinen - artContraire","og_description":"Noel Paine: Eibenbaum ist ein Bild, das ich im Jahr 2019 mit \u00d6l auf Leinen gemalt habe. Die Ma\u00dfe sind 15 x 15 cm.","og_url":"https:\/\/www.artcontraire.com\/de\/kunstwerk\/noel-paine\/eibenbaum\/","og_site_name":"artContraire","article_publisher":"https:\/\/www.facebook.com\/artcontraire\/","article_modified_time":"2021-11-21T23:45:31+00:00","og_image":[{"width":2338,"height":2400,"url":"https:\/\/www.artcontraire.com\/wp-content\/uploads\/yew-tree-noel-paine-painting.jpg","type":"image\/jpeg"}],"twitter_card":"summary_large_image","schema":{"@context":"https:\/\/schema.org","@graph":[{"@type":"WebPage","@id":"https:\/\/www.artcontraire.com\/de\/kunstwerk\/noel-paine\/eibenbaum\/","url":"https:\/\/www.artcontraire.com\/de\/kunstwerk\/noel-paine\/eibenbaum\/","name":"Eibenbaum von Noel Paine \u2013 Bild, \u00d6l auf Leinen - artContraire","isPartOf":{"@id":"https:\/\/www.artcontraire.com\/de\/#website"},"primaryImageOfPage":{"@id":"https:\/\/www.artcontraire.com\/de\/kunstwerk\/noel-paine\/eibenbaum\/#primaryimage"},"image":{"@id":"https:\/\/www.artcontraire.com\/de\/kunstwerk\/noel-paine\/eibenbaum\/#primaryimage"},"thumbnailUrl":"https:\/\/www.artcontraire.com\/wp-content\/uploads\/yew-tree-noel-paine-painting.jpg","datePublished":"2021-11-21T23:36:46+00:00","dateModified":"2021-11-21T23:45:31+00:00","description":"Noel Paine: Eibenbaum ist ein Bild, das ich im Jahr 2019 mit \u00d6l auf Leinen gemalt habe. Die Ma\u00dfe sind 15 x 15 cm.","breadcrumb":{"@id":"https:\/\/www.artcontraire.com\/de\/kunstwerk\/noel-paine\/eibenbaum\/#breadcrumb"},"inLanguage":"de","potentialAction":[{"@type":"ReadAction","target":["https:\/\/www.artcontraire.com\/de\/kunstwerk\/noel-paine\/eibenbaum\/"]}]},{"@type":"ImageObject","inLanguage":"de","@id":"https:\/\/www.artcontraire.com\/de\/kunstwerk\/noel-paine\/eibenbaum\/#primaryimage","url":"https:\/\/www.artcontraire.com\/wp-content\/uploads\/yew-tree-noel-paine-painting.jpg","contentUrl":"https:\/\/www.artcontraire.com\/wp-content\/uploads\/yew-tree-noel-paine-painting.jpg","width":2338,"height":2400},{"@type":"BreadcrumbList","@id":"https:\/\/www.artcontraire.com\/de\/kunstwerk\/noel-paine\/eibenbaum\/#breadcrumb","itemListElement":[{"@type":"ListItem","position":1,"name":"Home","item":"https:\/\/www.artcontraire.com\/de\/"},{"@type":"ListItem","position":2,"name":"Shop","item":"https:\/\/www.artcontraire.com\/de\/shop\/"},{"@type":"ListItem","position":3,"name":"Eibenbaum"}]},{"@type":"WebSite","@id":"https:\/\/www.artcontraire.com\/de\/#website","url":"https:\/\/www.artcontraire.com\/de\/","name":"artContraire","description":"Be part! Be art!","potentialAction":[{"@type":"SearchAction","target":{"@type":"EntryPoint","urlTemplate":"https:\/\/www.artcontraire.com\/de\/?s={search_term_string}"},"query-input":{"@type":"PropertyValueSpecification","valueRequired":true,"valueName":"search_term_string"}}],"inLanguage":"de"}]}},"_links":{"self":[{"href":"https:\/\/www.artcontraire.com\/de\/wp-json\/wp\/v2\/product\/25972","targetHints":{"allow":["GET"]}}],"collection":[{"href":"https:\/\/www.artcontraire.com\/de\/wp-json\/wp\/v2\/product"}],"about":[{"href":"https:\/\/www.artcontraire.com\/de\/wp-json\/wp\/v2\/types\/product"}],"wp:featuredmedia":[{"embeddable":true,"href":"https:\/\/www.artcontraire.com\/de\/wp-json\/wp\/v2\/media\/25945"}],"wp:attachment":[{"href":"https:\/\/www.artcontraire.com\/de\/wp-json\/wp\/v2\/media?parent=25972"}],"wp:term":[{"taxonomy":"product_cat","embeddable":true,"href":"https:\/\/www.artcontraire.com\/de\/wp-json\/wp\/v2\/product_cat?post=25972"},{"taxonomy":"product_tag","embeddable":true,"href":"https:\/\/www.artcontraire.com\/de\/wp-json\/wp\/v2\/product_tag?post=25972"},{"taxonomy":"artist","embeddable":true,"href":"https:\/\/www.artcontraire.com\/de\/wp-json\/wp\/v2\/artist?post=25972"},{"taxonomy":"artwork_type","embeddable":true,"href":"https:\/\/www.artcontraire.com\/de\/wp-json\/wp\/v2\/artwork_type?post=25972"},{"taxonomy":"color","embeddable":true,"href":"https:\/\/www.artcontraire.com\/de\/wp-json\/wp\/v2\/color?post=25972"},{"taxonomy":"series","embeddable":true,"href":"https:\/\/www.artcontraire.com\/de\/wp-json\/wp\/v2\/series?post=25972"}],"curies":[{"name":"wp","href":"https:\/\/api.w.org\/{rel}","templated":true}]}}