{"id":24408,"date":"2021-11-21T23:34:30","date_gmt":"2021-11-21T23:34:30","guid":{"rendered":"https:\/\/www.artcontraire.com\/artwork\/various\/schwarzschattige-gefuehlswelten-nr-01-72\/"},"modified":"2021-11-21T23:43:40","modified_gmt":"2021-11-21T23:43:40","slug":"schwarzschattige-gefuehlswelten-nr-01-72","status":"publish","type":"product","link":"https:\/\/www.artcontraire.com\/de\/kunstwerk\/nino-strohecker\/schwarzschattige-gefuehlswelten-nr-01-72\/","title":{"rendered":"Schwarzschattige Gef\u00fchlswelten Nr. 01 &#8211; 72"},"content":{"rendered":"SCHWARZSCHATTIGE GEF\u00dcHLSWELTEN ist zum einen der Name einer Serie von 72 Fotografien, die auf der Insel H\u00f6gbonden in der Region des Naturparks H\u00f6gakusten, Schweden, aufgenommen wurden.\n\nDie Bilder werden \u00fcberbelichtet und dann invertiert, um eine dunkle, traum\u00e4hnliche Empfindung des verzauberten Urwaldes zu erzeugen.\n\nUnd auf der anderen Seite ist es der Titel von drei Einkanal-Video-Loops in verschiedenen L\u00e4ngen und Klang, komponiert von Wolfgang Dorninger, Rudi Wienand und Die Null.\n\nDie leere Natur dient als Metapher f\u00fcr soziale Isolation, w\u00e4hrend man in einem fremden Land lebt.\n\n<div class=\"quote\"><div class=\"quote-content-wrap\"><div class=\"quote-content-outer\"><div class=\"quote-content\"><div class=\"inner format-text\"><p>Tr\u00e4ume keine kleinen Tr\u00e4ume, denn sie haben keine Macht, die Herzen der Menschen zu bewegen.<\/p>\n<\/div><\/div><\/div><\/div><div class=\"quote-author\">\u2013 Johann Wolfgang von Goethe<\/div><\/div>","protected":false},"excerpt":{"rendered":"SCHWARZSCHATTIGE GEF\u00dcHLSWELTEN ist zum einen der Name einer Serie von 72 Fotografien, die auf der Insel H\u00f6gbonden in der Region &#8230;","protected":false},"featured_media":9888,"template":"","meta":{"_acf_changed":false},"product_cat":[248],"product_tag":[],"artist":[126],"artwork_type":[83],"color":[],"series":[],"class_list":{"0":"post-24408","1":"product","2":"type-product","3":"status-publish","4":"has-post-thumbnail","6":"product_cat-uncategorized-de","7":"artist-nino-strohecker-de","8":"artwork_type-fotografien","9":"images-loading","10":"artwork_type-photographs","12":"first","13":"instock","14":"sold-individually","15":"product-type-variable","16":"has-default-attributes"},"acf":[],"yoast_head":"<!-- This site is optimized with the Yoast SEO plugin v26.8 - https:\/\/yoast.com\/product\/yoast-seo-wordpress\/ -->\n<title>Schwarzschattige Gef\u00fchlswelten Nr. 01 &#8211; 72 von Nino Strohecker \u2013 Ein CP-Druck auf Alu-Dibond (gerahmt) - artContraire<\/title>\n<meta name=\"description\" content=\"Nino Strohecker: Dies ist ein CP-Druck auf Alu-Dibond (gerahmt).\" \/>\n<meta name=\"robots\" content=\"index, follow, max-snippet:-1, max-image-preview:large, max-video-preview:-1\" \/>\n<link rel=\"canonical\" href=\"https:\/\/www.artcontraire.com\/de\/kunstwerk\/nino-strohecker\/schwarzschattige-gefuehlswelten-nr-01-72\/\" \/>\n<meta property=\"og:locale\" content=\"de_DE\" \/>\n<meta property=\"og:type\" content=\"article\" \/>\n<meta property=\"og:title\" content=\"Schwarzschattige Gef\u00fchlswelten Nr. 01 &#8211; 72 von Nino Strohecker \u2013 Ein CP-Druck auf Alu-Dibond (gerahmt) - artContraire\" \/>\n<meta property=\"og:description\" content=\"Nino Strohecker: Dies ist ein CP-Druck auf Alu-Dibond (gerahmt).\" \/>\n<meta property=\"og:url\" content=\"https:\/\/www.artcontraire.com\/de\/kunstwerk\/nino-strohecker\/schwarzschattige-gefuehlswelten-nr-01-72\/\" \/>\n<meta property=\"og:site_name\" content=\"artContraire\" \/>\n<meta property=\"article:publisher\" content=\"https:\/\/www.facebook.com\/artcontraire\/\" \/>\n<meta property=\"article:modified_time\" content=\"2021-11-21T23:43:40+00:00\" \/>\n<meta property=\"og:image\" content=\"https:\/\/www.artcontraire.com\/wp-content\/uploads\/schwarzschattige-gefuehlswelten-nr-1-nino-strohecker-fotografie.jpg\" \/>\n\t<meta property=\"og:image:width\" content=\"1920\" \/>\n\t<meta property=\"og:image:height\" content=\"1275\" \/>\n\t<meta property=\"og:image:type\" content=\"image\/jpeg\" \/>\n<meta name=\"twitter:card\" content=\"summary_large_image\" \/>\n<meta name=\"twitter:label1\" content=\"Gesch\u00e4tzte Lesezeit\" \/>\n\t<meta name=\"twitter:data1\" content=\"1\u00a0Minute\" \/>\n<script type=\"application\/ld+json\" class=\"yoast-schema-graph\">{\"@context\":\"https:\/\/schema.org\",\"@graph\":[{\"@type\":\"WebPage\",\"@id\":\"https:\/\/www.artcontraire.com\/de\/kunstwerk\/nino-strohecker\/schwarzschattige-gefuehlswelten-nr-01-72\/\",\"url\":\"https:\/\/www.artcontraire.com\/de\/kunstwerk\/nino-strohecker\/schwarzschattige-gefuehlswelten-nr-01-72\/\",\"name\":\"Schwarzschattige Gef\u00fchlswelten Nr. 01 &#8211; 72 von Nino Strohecker \u2013 Ein CP-Druck auf Alu-Dibond (gerahmt) - artContraire\",\"isPartOf\":{\"@id\":\"https:\/\/www.artcontraire.com\/de\/#website\"},\"primaryImageOfPage\":{\"@id\":\"https:\/\/www.artcontraire.com\/de\/kunstwerk\/nino-strohecker\/schwarzschattige-gefuehlswelten-nr-01-72\/#primaryimage\"},\"image\":{\"@id\":\"https:\/\/www.artcontraire.com\/de\/kunstwerk\/nino-strohecker\/schwarzschattige-gefuehlswelten-nr-01-72\/#primaryimage\"},\"thumbnailUrl\":\"https:\/\/www.artcontraire.com\/wp-content\/uploads\/schwarzschattige-gefuehlswelten-nr-1-nino-strohecker-fotografie.jpg\",\"datePublished\":\"2021-11-21T23:34:30+00:00\",\"dateModified\":\"2021-11-21T23:43:40+00:00\",\"description\":\"Nino Strohecker: Dies ist ein CP-Druck auf Alu-Dibond (gerahmt).\",\"breadcrumb\":{\"@id\":\"https:\/\/www.artcontraire.com\/de\/kunstwerk\/nino-strohecker\/schwarzschattige-gefuehlswelten-nr-01-72\/#breadcrumb\"},\"inLanguage\":\"de\",\"potentialAction\":[{\"@type\":\"ReadAction\",\"target\":[\"https:\/\/www.artcontraire.com\/de\/kunstwerk\/nino-strohecker\/schwarzschattige-gefuehlswelten-nr-01-72\/\"]}]},{\"@type\":\"ImageObject\",\"inLanguage\":\"de\",\"@id\":\"https:\/\/www.artcontraire.com\/de\/kunstwerk\/nino-strohecker\/schwarzschattige-gefuehlswelten-nr-01-72\/#primaryimage\",\"url\":\"https:\/\/www.artcontraire.com\/wp-content\/uploads\/schwarzschattige-gefuehlswelten-nr-1-nino-strohecker-fotografie.jpg\",\"contentUrl\":\"https:\/\/www.artcontraire.com\/wp-content\/uploads\/schwarzschattige-gefuehlswelten-nr-1-nino-strohecker-fotografie.jpg\",\"width\":1920,\"height\":1275},{\"@type\":\"BreadcrumbList\",\"@id\":\"https:\/\/www.artcontraire.com\/de\/kunstwerk\/nino-strohecker\/schwarzschattige-gefuehlswelten-nr-01-72\/#breadcrumb\",\"itemListElement\":[{\"@type\":\"ListItem\",\"position\":1,\"name\":\"Home\",\"item\":\"https:\/\/www.artcontraire.com\/de\/\"},{\"@type\":\"ListItem\",\"position\":2,\"name\":\"Shop\",\"item\":\"https:\/\/www.artcontraire.com\/de\/shop\/\"},{\"@type\":\"ListItem\",\"position\":3,\"name\":\"Schwarzschattige Gef\u00fchlswelten Nr. 01 &#8211; 72\"}]},{\"@type\":\"WebSite\",\"@id\":\"https:\/\/www.artcontraire.com\/de\/#website\",\"url\":\"https:\/\/www.artcontraire.com\/de\/\",\"name\":\"artContraire\",\"description\":\"Be part! Be art!\",\"potentialAction\":[{\"@type\":\"SearchAction\",\"target\":{\"@type\":\"EntryPoint\",\"urlTemplate\":\"https:\/\/www.artcontraire.com\/de\/?s={search_term_string}\"},\"query-input\":{\"@type\":\"PropertyValueSpecification\",\"valueRequired\":true,\"valueName\":\"search_term_string\"}}],\"inLanguage\":\"de\"}]}<\/script>\n<!-- \/ Yoast SEO plugin. -->","yoast_head_json":{"title":"Schwarzschattige Gef\u00fchlswelten Nr. 01 &#8211; 72 von Nino Strohecker \u2013 Ein CP-Druck auf Alu-Dibond (gerahmt) - artContraire","description":"Nino Strohecker: Dies ist ein CP-Druck auf Alu-Dibond (gerahmt).","robots":{"index":"index","follow":"follow","max-snippet":"max-snippet:-1","max-image-preview":"max-image-preview:large","max-video-preview":"max-video-preview:-1"},"canonical":"https:\/\/www.artcontraire.com\/de\/kunstwerk\/nino-strohecker\/schwarzschattige-gefuehlswelten-nr-01-72\/","og_locale":"de_DE","og_type":"article","og_title":"Schwarzschattige Gef\u00fchlswelten Nr. 01 &#8211; 72 von Nino Strohecker \u2013 Ein CP-Druck auf Alu-Dibond (gerahmt) - artContraire","og_description":"Nino Strohecker: Dies ist ein CP-Druck auf Alu-Dibond (gerahmt).","og_url":"https:\/\/www.artcontraire.com\/de\/kunstwerk\/nino-strohecker\/schwarzschattige-gefuehlswelten-nr-01-72\/","og_site_name":"artContraire","article_publisher":"https:\/\/www.facebook.com\/artcontraire\/","article_modified_time":"2021-11-21T23:43:40+00:00","og_image":[{"width":1920,"height":1275,"url":"https:\/\/www.artcontraire.com\/wp-content\/uploads\/schwarzschattige-gefuehlswelten-nr-1-nino-strohecker-fotografie.jpg","type":"image\/jpeg"}],"twitter_card":"summary_large_image","twitter_misc":{"Gesch\u00e4tzte Lesezeit":"1\u00a0Minute"},"schema":{"@context":"https:\/\/schema.org","@graph":[{"@type":"WebPage","@id":"https:\/\/www.artcontraire.com\/de\/kunstwerk\/nino-strohecker\/schwarzschattige-gefuehlswelten-nr-01-72\/","url":"https:\/\/www.artcontraire.com\/de\/kunstwerk\/nino-strohecker\/schwarzschattige-gefuehlswelten-nr-01-72\/","name":"Schwarzschattige Gef\u00fchlswelten Nr. 01 &#8211; 72 von Nino Strohecker \u2013 Ein CP-Druck auf Alu-Dibond (gerahmt) - artContraire","isPartOf":{"@id":"https:\/\/www.artcontraire.com\/de\/#website"},"primaryImageOfPage":{"@id":"https:\/\/www.artcontraire.com\/de\/kunstwerk\/nino-strohecker\/schwarzschattige-gefuehlswelten-nr-01-72\/#primaryimage"},"image":{"@id":"https:\/\/www.artcontraire.com\/de\/kunstwerk\/nino-strohecker\/schwarzschattige-gefuehlswelten-nr-01-72\/#primaryimage"},"thumbnailUrl":"https:\/\/www.artcontraire.com\/wp-content\/uploads\/schwarzschattige-gefuehlswelten-nr-1-nino-strohecker-fotografie.jpg","datePublished":"2021-11-21T23:34:30+00:00","dateModified":"2021-11-21T23:43:40+00:00","description":"Nino Strohecker: Dies ist ein CP-Druck auf Alu-Dibond (gerahmt).","breadcrumb":{"@id":"https:\/\/www.artcontraire.com\/de\/kunstwerk\/nino-strohecker\/schwarzschattige-gefuehlswelten-nr-01-72\/#breadcrumb"},"inLanguage":"de","potentialAction":[{"@type":"ReadAction","target":["https:\/\/www.artcontraire.com\/de\/kunstwerk\/nino-strohecker\/schwarzschattige-gefuehlswelten-nr-01-72\/"]}]},{"@type":"ImageObject","inLanguage":"de","@id":"https:\/\/www.artcontraire.com\/de\/kunstwerk\/nino-strohecker\/schwarzschattige-gefuehlswelten-nr-01-72\/#primaryimage","url":"https:\/\/www.artcontraire.com\/wp-content\/uploads\/schwarzschattige-gefuehlswelten-nr-1-nino-strohecker-fotografie.jpg","contentUrl":"https:\/\/www.artcontraire.com\/wp-content\/uploads\/schwarzschattige-gefuehlswelten-nr-1-nino-strohecker-fotografie.jpg","width":1920,"height":1275},{"@type":"BreadcrumbList","@id":"https:\/\/www.artcontraire.com\/de\/kunstwerk\/nino-strohecker\/schwarzschattige-gefuehlswelten-nr-01-72\/#breadcrumb","itemListElement":[{"@type":"ListItem","position":1,"name":"Home","item":"https:\/\/www.artcontraire.com\/de\/"},{"@type":"ListItem","position":2,"name":"Shop","item":"https:\/\/www.artcontraire.com\/de\/shop\/"},{"@type":"ListItem","position":3,"name":"Schwarzschattige Gef\u00fchlswelten Nr. 01 &#8211; 72"}]},{"@type":"WebSite","@id":"https:\/\/www.artcontraire.com\/de\/#website","url":"https:\/\/www.artcontraire.com\/de\/","name":"artContraire","description":"Be part! Be art!","potentialAction":[{"@type":"SearchAction","target":{"@type":"EntryPoint","urlTemplate":"https:\/\/www.artcontraire.com\/de\/?s={search_term_string}"},"query-input":{"@type":"PropertyValueSpecification","valueRequired":true,"valueName":"search_term_string"}}],"inLanguage":"de"}]}},"_links":{"self":[{"href":"https:\/\/www.artcontraire.com\/de\/wp-json\/wp\/v2\/product\/24408","targetHints":{"allow":["GET"]}}],"collection":[{"href":"https:\/\/www.artcontraire.com\/de\/wp-json\/wp\/v2\/product"}],"about":[{"href":"https:\/\/www.artcontraire.com\/de\/wp-json\/wp\/v2\/types\/product"}],"wp:featuredmedia":[{"embeddable":true,"href":"https:\/\/www.artcontraire.com\/de\/wp-json\/wp\/v2\/media\/9888"}],"wp:attachment":[{"href":"https:\/\/www.artcontraire.com\/de\/wp-json\/wp\/v2\/media?parent=24408"}],"wp:term":[{"taxonomy":"product_cat","embeddable":true,"href":"https:\/\/www.artcontraire.com\/de\/wp-json\/wp\/v2\/product_cat?post=24408"},{"taxonomy":"product_tag","embeddable":true,"href":"https:\/\/www.artcontraire.com\/de\/wp-json\/wp\/v2\/product_tag?post=24408"},{"taxonomy":"artist","embeddable":true,"href":"https:\/\/www.artcontraire.com\/de\/wp-json\/wp\/v2\/artist?post=24408"},{"taxonomy":"artwork_type","embeddable":true,"href":"https:\/\/www.artcontraire.com\/de\/wp-json\/wp\/v2\/artwork_type?post=24408"},{"taxonomy":"color","embeddable":true,"href":"https:\/\/www.artcontraire.com\/de\/wp-json\/wp\/v2\/color?post=24408"},{"taxonomy":"series","embeddable":true,"href":"https:\/\/www.artcontraire.com\/de\/wp-json\/wp\/v2\/series?post=24408"}],"curies":[{"name":"wp","href":"https:\/\/api.w.org\/{rel}","templated":true}]}}