{"id":24190,"date":"2021-11-21T23:33:51","date_gmt":"2021-11-21T23:33:51","guid":{"rendered":"https:\/\/www.artcontraire.com\/artwork\/various\/flowers-of-kind-nr-01-36\/"},"modified":"2021-11-21T23:42:52","modified_gmt":"2021-11-21T23:42:52","slug":"flowers-of-kind-nr-01-36","status":"publish","type":"product","link":"https:\/\/www.artcontraire.com\/de\/kunstwerk\/nino-strohecker\/flowers-of-kind-nr-01-36\/","title":{"rendered":"Flowers Of Kind Nr. 01 &#8211; 36"},"content":{"rendered":"FLOWERS OF KIND ist eine Serie von 36 Diptychonaufnahmen &#8211; ein normales und ein invertiertes.\n\n<div class=\"quote\"><div class=\"quote-content-wrap\"><div class=\"quote-content-outer\"><div class=\"quote-content\"><div class=\"inner format-text\"><p>Ohne Dunkelheit kommt nichts zur Geburt. Wie ohne Licht, bl\u00fcht nichts.<\/p>\n<\/div><\/div><\/div><\/div><div class=\"quote-author\">\u2013 May Sarton<\/div><\/div>","protected":false},"excerpt":{"rendered":"CP-Drucke auf Acryl als Diptychen (gerahmt). Die Sch\u00f6nheit von allem liegt im Auge des Betrachters. Verfallende Blumen geh\u00f6ren f\u00fcr mich &#8230;","protected":false},"featured_media":9725,"template":"","meta":{"_acf_changed":false},"product_cat":[248],"product_tag":[],"artist":[126],"artwork_type":[83],"color":[],"series":[],"class_list":{"0":"post-24190","1":"product","2":"type-product","3":"status-publish","4":"has-post-thumbnail","6":"product_cat-uncategorized-de","7":"artist-nino-strohecker-de","8":"artwork_type-fotografien","9":"images-loading","10":"artwork_type-photographs","12":"first","13":"instock","14":"sold-individually","15":"product-type-variable","16":"has-default-attributes"},"acf":[],"yoast_head":"<!-- This site is optimized with the Yoast SEO plugin v26.8 - https:\/\/yoast.com\/product\/yoast-seo-wordpress\/ -->\n<title>Flowers Of Kind Nr. 01 &#8211; 36 von Nino Strohecker \u2013 Ein CP-Druck auf Acryl als Diptychon (gerahmt) - artContraire<\/title>\n<meta name=\"description\" content=\"Ein CP-Druck auf Acryl als Diptychon (gerahmt) von Nino Strohecker: CP-Drucke auf Acryl als Diptychen (gerahmt). Die Sch\u00f6nheit von allem liegt im Auge des Betrachters. Verfallende Blumen geh\u00f6ren f\u00fcr mich &#8230;\" \/>\n<meta name=\"robots\" content=\"index, follow, max-snippet:-1, max-image-preview:large, max-video-preview:-1\" \/>\n<link rel=\"canonical\" href=\"https:\/\/www.artcontraire.com\/de\/kunstwerk\/nino-strohecker\/flowers-of-kind-nr-01-36\/\" \/>\n<meta property=\"og:locale\" content=\"de_DE\" \/>\n<meta property=\"og:type\" content=\"article\" \/>\n<meta property=\"og:title\" content=\"Flowers Of Kind Nr. 01 &#8211; 36 von Nino Strohecker \u2013 Ein CP-Druck auf Acryl als Diptychon (gerahmt) - artContraire\" \/>\n<meta property=\"og:description\" content=\"Ein CP-Druck auf Acryl als Diptychon (gerahmt) von Nino Strohecker: CP-Drucke auf Acryl als Diptychen (gerahmt). Die Sch\u00f6nheit von allem liegt im Auge des Betrachters. Verfallende Blumen geh\u00f6ren f\u00fcr mich &#8230;\" \/>\n<meta property=\"og:url\" content=\"https:\/\/www.artcontraire.com\/de\/kunstwerk\/nino-strohecker\/flowers-of-kind-nr-01-36\/\" \/>\n<meta property=\"og:site_name\" content=\"artContraire\" \/>\n<meta property=\"article:publisher\" content=\"https:\/\/www.facebook.com\/artcontraire\/\" \/>\n<meta property=\"article:modified_time\" content=\"2021-11-21T23:42:52+00:00\" \/>\n<meta property=\"og:image\" content=\"https:\/\/www.artcontraire.com\/wp-content\/uploads\/flowers-of-kind-nr-1-nino-strohecker-fotografie.jpg\" \/>\n\t<meta property=\"og:image:width\" content=\"1920\" \/>\n\t<meta property=\"og:image:height\" content=\"1344\" \/>\n\t<meta property=\"og:image:type\" content=\"image\/jpeg\" \/>\n<meta name=\"twitter:card\" content=\"summary_large_image\" \/>\n<script type=\"application\/ld+json\" class=\"yoast-schema-graph\">{\"@context\":\"https:\/\/schema.org\",\"@graph\":[{\"@type\":\"WebPage\",\"@id\":\"https:\/\/www.artcontraire.com\/de\/kunstwerk\/nino-strohecker\/flowers-of-kind-nr-01-36\/\",\"url\":\"https:\/\/www.artcontraire.com\/de\/kunstwerk\/nino-strohecker\/flowers-of-kind-nr-01-36\/\",\"name\":\"Flowers Of Kind Nr. 01 &#8211; 36 von Nino Strohecker \u2013 Ein CP-Druck auf Acryl als Diptychon (gerahmt) - artContraire\",\"isPartOf\":{\"@id\":\"https:\/\/www.artcontraire.com\/de\/#website\"},\"primaryImageOfPage\":{\"@id\":\"https:\/\/www.artcontraire.com\/de\/kunstwerk\/nino-strohecker\/flowers-of-kind-nr-01-36\/#primaryimage\"},\"image\":{\"@id\":\"https:\/\/www.artcontraire.com\/de\/kunstwerk\/nino-strohecker\/flowers-of-kind-nr-01-36\/#primaryimage\"},\"thumbnailUrl\":\"https:\/\/www.artcontraire.com\/wp-content\/uploads\/flowers-of-kind-nr-1-nino-strohecker-fotografie.jpg\",\"datePublished\":\"2021-11-21T23:33:51+00:00\",\"dateModified\":\"2021-11-21T23:42:52+00:00\",\"description\":\"Ein CP-Druck auf Acryl als Diptychon (gerahmt) von Nino Strohecker: CP-Drucke auf Acryl als Diptychen (gerahmt). Die Sch\u00f6nheit von allem liegt im Auge des Betrachters. Verfallende Blumen geh\u00f6ren f\u00fcr mich &#8230;\",\"breadcrumb\":{\"@id\":\"https:\/\/www.artcontraire.com\/de\/kunstwerk\/nino-strohecker\/flowers-of-kind-nr-01-36\/#breadcrumb\"},\"inLanguage\":\"de\",\"potentialAction\":[{\"@type\":\"ReadAction\",\"target\":[\"https:\/\/www.artcontraire.com\/de\/kunstwerk\/nino-strohecker\/flowers-of-kind-nr-01-36\/\"]}]},{\"@type\":\"ImageObject\",\"inLanguage\":\"de\",\"@id\":\"https:\/\/www.artcontraire.com\/de\/kunstwerk\/nino-strohecker\/flowers-of-kind-nr-01-36\/#primaryimage\",\"url\":\"https:\/\/www.artcontraire.com\/wp-content\/uploads\/flowers-of-kind-nr-1-nino-strohecker-fotografie.jpg\",\"contentUrl\":\"https:\/\/www.artcontraire.com\/wp-content\/uploads\/flowers-of-kind-nr-1-nino-strohecker-fotografie.jpg\",\"width\":1920,\"height\":1344},{\"@type\":\"BreadcrumbList\",\"@id\":\"https:\/\/www.artcontraire.com\/de\/kunstwerk\/nino-strohecker\/flowers-of-kind-nr-01-36\/#breadcrumb\",\"itemListElement\":[{\"@type\":\"ListItem\",\"position\":1,\"name\":\"Home\",\"item\":\"https:\/\/www.artcontraire.com\/de\/\"},{\"@type\":\"ListItem\",\"position\":2,\"name\":\"Shop\",\"item\":\"https:\/\/www.artcontraire.com\/de\/shop\/\"},{\"@type\":\"ListItem\",\"position\":3,\"name\":\"Flowers Of Kind Nr. 01 &#8211; 36\"}]},{\"@type\":\"WebSite\",\"@id\":\"https:\/\/www.artcontraire.com\/de\/#website\",\"url\":\"https:\/\/www.artcontraire.com\/de\/\",\"name\":\"artContraire\",\"description\":\"Be part! Be art!\",\"potentialAction\":[{\"@type\":\"SearchAction\",\"target\":{\"@type\":\"EntryPoint\",\"urlTemplate\":\"https:\/\/www.artcontraire.com\/de\/?s={search_term_string}\"},\"query-input\":{\"@type\":\"PropertyValueSpecification\",\"valueRequired\":true,\"valueName\":\"search_term_string\"}}],\"inLanguage\":\"de\"}]}<\/script>\n<!-- \/ Yoast SEO plugin. -->","yoast_head_json":{"title":"Flowers Of Kind Nr. 01 &#8211; 36 von Nino Strohecker \u2013 Ein CP-Druck auf Acryl als Diptychon (gerahmt) - artContraire","description":"Ein CP-Druck auf Acryl als Diptychon (gerahmt) von Nino Strohecker: CP-Drucke auf Acryl als Diptychen (gerahmt). Die Sch\u00f6nheit von allem liegt im Auge des Betrachters. Verfallende Blumen geh\u00f6ren f\u00fcr mich &#8230;","robots":{"index":"index","follow":"follow","max-snippet":"max-snippet:-1","max-image-preview":"max-image-preview:large","max-video-preview":"max-video-preview:-1"},"canonical":"https:\/\/www.artcontraire.com\/de\/kunstwerk\/nino-strohecker\/flowers-of-kind-nr-01-36\/","og_locale":"de_DE","og_type":"article","og_title":"Flowers Of Kind Nr. 01 &#8211; 36 von Nino Strohecker \u2013 Ein CP-Druck auf Acryl als Diptychon (gerahmt) - artContraire","og_description":"Ein CP-Druck auf Acryl als Diptychon (gerahmt) von Nino Strohecker: CP-Drucke auf Acryl als Diptychen (gerahmt). Die Sch\u00f6nheit von allem liegt im Auge des Betrachters. Verfallende Blumen geh\u00f6ren f\u00fcr mich &#8230;","og_url":"https:\/\/www.artcontraire.com\/de\/kunstwerk\/nino-strohecker\/flowers-of-kind-nr-01-36\/","og_site_name":"artContraire","article_publisher":"https:\/\/www.facebook.com\/artcontraire\/","article_modified_time":"2021-11-21T23:42:52+00:00","og_image":[{"width":1920,"height":1344,"url":"https:\/\/www.artcontraire.com\/wp-content\/uploads\/flowers-of-kind-nr-1-nino-strohecker-fotografie.jpg","type":"image\/jpeg"}],"twitter_card":"summary_large_image","schema":{"@context":"https:\/\/schema.org","@graph":[{"@type":"WebPage","@id":"https:\/\/www.artcontraire.com\/de\/kunstwerk\/nino-strohecker\/flowers-of-kind-nr-01-36\/","url":"https:\/\/www.artcontraire.com\/de\/kunstwerk\/nino-strohecker\/flowers-of-kind-nr-01-36\/","name":"Flowers Of Kind Nr. 01 &#8211; 36 von Nino Strohecker \u2013 Ein CP-Druck auf Acryl als Diptychon (gerahmt) - artContraire","isPartOf":{"@id":"https:\/\/www.artcontraire.com\/de\/#website"},"primaryImageOfPage":{"@id":"https:\/\/www.artcontraire.com\/de\/kunstwerk\/nino-strohecker\/flowers-of-kind-nr-01-36\/#primaryimage"},"image":{"@id":"https:\/\/www.artcontraire.com\/de\/kunstwerk\/nino-strohecker\/flowers-of-kind-nr-01-36\/#primaryimage"},"thumbnailUrl":"https:\/\/www.artcontraire.com\/wp-content\/uploads\/flowers-of-kind-nr-1-nino-strohecker-fotografie.jpg","datePublished":"2021-11-21T23:33:51+00:00","dateModified":"2021-11-21T23:42:52+00:00","description":"Ein CP-Druck auf Acryl als Diptychon (gerahmt) von Nino Strohecker: CP-Drucke auf Acryl als Diptychen (gerahmt). Die Sch\u00f6nheit von allem liegt im Auge des Betrachters. Verfallende Blumen geh\u00f6ren f\u00fcr mich &#8230;","breadcrumb":{"@id":"https:\/\/www.artcontraire.com\/de\/kunstwerk\/nino-strohecker\/flowers-of-kind-nr-01-36\/#breadcrumb"},"inLanguage":"de","potentialAction":[{"@type":"ReadAction","target":["https:\/\/www.artcontraire.com\/de\/kunstwerk\/nino-strohecker\/flowers-of-kind-nr-01-36\/"]}]},{"@type":"ImageObject","inLanguage":"de","@id":"https:\/\/www.artcontraire.com\/de\/kunstwerk\/nino-strohecker\/flowers-of-kind-nr-01-36\/#primaryimage","url":"https:\/\/www.artcontraire.com\/wp-content\/uploads\/flowers-of-kind-nr-1-nino-strohecker-fotografie.jpg","contentUrl":"https:\/\/www.artcontraire.com\/wp-content\/uploads\/flowers-of-kind-nr-1-nino-strohecker-fotografie.jpg","width":1920,"height":1344},{"@type":"BreadcrumbList","@id":"https:\/\/www.artcontraire.com\/de\/kunstwerk\/nino-strohecker\/flowers-of-kind-nr-01-36\/#breadcrumb","itemListElement":[{"@type":"ListItem","position":1,"name":"Home","item":"https:\/\/www.artcontraire.com\/de\/"},{"@type":"ListItem","position":2,"name":"Shop","item":"https:\/\/www.artcontraire.com\/de\/shop\/"},{"@type":"ListItem","position":3,"name":"Flowers Of Kind Nr. 01 &#8211; 36"}]},{"@type":"WebSite","@id":"https:\/\/www.artcontraire.com\/de\/#website","url":"https:\/\/www.artcontraire.com\/de\/","name":"artContraire","description":"Be part! Be art!","potentialAction":[{"@type":"SearchAction","target":{"@type":"EntryPoint","urlTemplate":"https:\/\/www.artcontraire.com\/de\/?s={search_term_string}"},"query-input":{"@type":"PropertyValueSpecification","valueRequired":true,"valueName":"search_term_string"}}],"inLanguage":"de"}]}},"_links":{"self":[{"href":"https:\/\/www.artcontraire.com\/de\/wp-json\/wp\/v2\/product\/24190","targetHints":{"allow":["GET"]}}],"collection":[{"href":"https:\/\/www.artcontraire.com\/de\/wp-json\/wp\/v2\/product"}],"about":[{"href":"https:\/\/www.artcontraire.com\/de\/wp-json\/wp\/v2\/types\/product"}],"wp:featuredmedia":[{"embeddable":true,"href":"https:\/\/www.artcontraire.com\/de\/wp-json\/wp\/v2\/media\/9725"}],"wp:attachment":[{"href":"https:\/\/www.artcontraire.com\/de\/wp-json\/wp\/v2\/media?parent=24190"}],"wp:term":[{"taxonomy":"product_cat","embeddable":true,"href":"https:\/\/www.artcontraire.com\/de\/wp-json\/wp\/v2\/product_cat?post=24190"},{"taxonomy":"product_tag","embeddable":true,"href":"https:\/\/www.artcontraire.com\/de\/wp-json\/wp\/v2\/product_tag?post=24190"},{"taxonomy":"artist","embeddable":true,"href":"https:\/\/www.artcontraire.com\/de\/wp-json\/wp\/v2\/artist?post=24190"},{"taxonomy":"artwork_type","embeddable":true,"href":"https:\/\/www.artcontraire.com\/de\/wp-json\/wp\/v2\/artwork_type?post=24190"},{"taxonomy":"color","embeddable":true,"href":"https:\/\/www.artcontraire.com\/de\/wp-json\/wp\/v2\/color?post=24190"},{"taxonomy":"series","embeddable":true,"href":"https:\/\/www.artcontraire.com\/de\/wp-json\/wp\/v2\/series?post=24190"}],"curies":[{"name":"wp","href":"https:\/\/api.w.org\/{rel}","templated":true}]}}