{"id":24162,"date":"2021-11-21T23:33:51","date_gmt":"2021-11-21T23:33:51","guid":{"rendered":"https:\/\/www.artcontraire.com\/artwork\/various\/america-first-horror\/"},"modified":"2021-11-21T23:42:37","modified_gmt":"2021-11-21T23:42:37","slug":"america-first-horror","status":"publish","type":"product","link":"https:\/\/www.artcontraire.com\/de\/kunstwerk\/nino-strohecker\/america-first-horror\/","title":{"rendered":"America First Horror"},"content":{"rendered":"<div class=\"quote\"><div class=\"quote-content-wrap\"><div class=\"quote-content-outer\"><div class=\"quote-content\"><div class=\"inner format-text\"><p>Ich habe mein Leben damit verbracht, die Entfernung zwischen der amerikanischen Realit\u00e4t und dem amerikanischen Traum zu beurteilen.<\/p>\n<\/div><\/div><\/div><\/div><div class=\"quote-author\">\u2013 Bruce Springsteen<\/div><\/div>\n\nAMERICA FIRST ist eine spielerische Auseinandersetzung mit der amerikanischen Lebensart, sowie mit dem amerikanischen Traum und insbesondere der Idee der amerikanischen Vorherrschaft gegen\u00fcber dem Rest der Welt.\n\nDas Symbol daf\u00fcr, der eine Dollarschein, wird eingescannt (vorne und hinten) und gro\u00dffl\u00e4chig aufgeblasen, dabei leicht entfremdet, um das Thema zu reflektieren. Man muss genau hinschauen, um den Unterschied zwischen dem originalen Schriftzug auf der Dollarnote und der AMERICA FIRST-Dollarnote zu sehen.\n\nAuf HORROR:\nIN GREED WE TRUST","protected":false},"excerpt":{"rendered":"AMERICA FIRST ist eine spielerische Auseinandersetzung mit der amerikanischen Lebensart, sowie mit dem amerikanischen Traum und insbesondere der Idee der &#8230;","protected":false},"featured_media":9689,"template":"","meta":{"_acf_changed":false},"product_cat":[248],"product_tag":[],"artist":[126],"artwork_type":[83],"color":[],"series":[],"class_list":{"0":"post-24162","1":"product","2":"type-product","3":"status-publish","4":"has-post-thumbnail","6":"product_cat-uncategorized-de","7":"artist-nino-strohecker-de","8":"artwork_type-fotografien","9":"images-loading","10":"artwork_type-photographs","12":"first","13":"instock","14":"sold-individually","15":"product-type-simple"},"acf":[],"yoast_head":"<!-- This site is optimized with the Yoast SEO plugin v26.8 - https:\/\/yoast.com\/product\/yoast-seo-wordpress\/ -->\n<title>America First Horror von Nino Strohecker \u2013 Ein Originalfoto, gedruckt unter Acryl (gerahmt) - artContraire<\/title>\n<meta name=\"description\" content=\"Nino Strohecker: Dies ist ein Originalfoto, gedruckt unter Acryl (gerahmt). Die Ma\u00dfe sind 96.8 x 40.8 x 4 cm.\" \/>\n<meta name=\"robots\" content=\"index, follow, max-snippet:-1, max-image-preview:large, max-video-preview:-1\" \/>\n<link rel=\"canonical\" href=\"https:\/\/www.artcontraire.com\/de\/kunstwerk\/nino-strohecker\/america-first-horror\/\" \/>\n<meta property=\"og:locale\" content=\"de_DE\" \/>\n<meta property=\"og:type\" content=\"article\" \/>\n<meta property=\"og:title\" content=\"America First Horror von Nino Strohecker \u2013 Ein Originalfoto, gedruckt unter Acryl (gerahmt) - artContraire\" \/>\n<meta property=\"og:description\" content=\"Nino Strohecker: Dies ist ein Originalfoto, gedruckt unter Acryl (gerahmt). Die Ma\u00dfe sind 96.8 x 40.8 x 4 cm.\" \/>\n<meta property=\"og:url\" content=\"https:\/\/www.artcontraire.com\/de\/kunstwerk\/nino-strohecker\/america-first-horror\/\" \/>\n<meta property=\"og:site_name\" content=\"artContraire\" \/>\n<meta property=\"article:publisher\" content=\"https:\/\/www.facebook.com\/artcontraire\/\" \/>\n<meta property=\"article:modified_time\" content=\"2021-11-21T23:42:37+00:00\" \/>\n<meta property=\"og:image\" content=\"https:\/\/www.artcontraire.com\/wp-content\/uploads\/america-first-horror-nino-strohecker-kunst.jpg\" \/>\n\t<meta property=\"og:image:width\" content=\"1920\" \/>\n\t<meta property=\"og:image:height\" content=\"800\" \/>\n\t<meta property=\"og:image:type\" content=\"image\/jpeg\" \/>\n<meta name=\"twitter:card\" content=\"summary_large_image\" \/>\n<meta name=\"twitter:label1\" content=\"Gesch\u00e4tzte Lesezeit\" \/>\n\t<meta name=\"twitter:data1\" content=\"1\u00a0Minute\" \/>\n<script type=\"application\/ld+json\" class=\"yoast-schema-graph\">{\"@context\":\"https:\/\/schema.org\",\"@graph\":[{\"@type\":\"WebPage\",\"@id\":\"https:\/\/www.artcontraire.com\/de\/kunstwerk\/nino-strohecker\/america-first-horror\/\",\"url\":\"https:\/\/www.artcontraire.com\/de\/kunstwerk\/nino-strohecker\/america-first-horror\/\",\"name\":\"America First Horror von Nino Strohecker \u2013 Ein Originalfoto, gedruckt unter Acryl (gerahmt) - artContraire\",\"isPartOf\":{\"@id\":\"https:\/\/www.artcontraire.com\/de\/#website\"},\"primaryImageOfPage\":{\"@id\":\"https:\/\/www.artcontraire.com\/de\/kunstwerk\/nino-strohecker\/america-first-horror\/#primaryimage\"},\"image\":{\"@id\":\"https:\/\/www.artcontraire.com\/de\/kunstwerk\/nino-strohecker\/america-first-horror\/#primaryimage\"},\"thumbnailUrl\":\"https:\/\/www.artcontraire.com\/wp-content\/uploads\/america-first-horror-nino-strohecker-kunst.jpg\",\"datePublished\":\"2021-11-21T23:33:51+00:00\",\"dateModified\":\"2021-11-21T23:42:37+00:00\",\"description\":\"Nino Strohecker: Dies ist ein Originalfoto, gedruckt unter Acryl (gerahmt). Die Ma\u00dfe sind 96.8 x 40.8 x 4 cm.\",\"breadcrumb\":{\"@id\":\"https:\/\/www.artcontraire.com\/de\/kunstwerk\/nino-strohecker\/america-first-horror\/#breadcrumb\"},\"inLanguage\":\"de\",\"potentialAction\":[{\"@type\":\"ReadAction\",\"target\":[\"https:\/\/www.artcontraire.com\/de\/kunstwerk\/nino-strohecker\/america-first-horror\/\"]}]},{\"@type\":\"ImageObject\",\"inLanguage\":\"de\",\"@id\":\"https:\/\/www.artcontraire.com\/de\/kunstwerk\/nino-strohecker\/america-first-horror\/#primaryimage\",\"url\":\"https:\/\/www.artcontraire.com\/wp-content\/uploads\/america-first-horror-nino-strohecker-kunst.jpg\",\"contentUrl\":\"https:\/\/www.artcontraire.com\/wp-content\/uploads\/america-first-horror-nino-strohecker-kunst.jpg\",\"width\":1920,\"height\":800},{\"@type\":\"BreadcrumbList\",\"@id\":\"https:\/\/www.artcontraire.com\/de\/kunstwerk\/nino-strohecker\/america-first-horror\/#breadcrumb\",\"itemListElement\":[{\"@type\":\"ListItem\",\"position\":1,\"name\":\"Home\",\"item\":\"https:\/\/www.artcontraire.com\/de\/\"},{\"@type\":\"ListItem\",\"position\":2,\"name\":\"Shop\",\"item\":\"https:\/\/www.artcontraire.com\/de\/shop\/\"},{\"@type\":\"ListItem\",\"position\":3,\"name\":\"America First Horror\"}]},{\"@type\":\"WebSite\",\"@id\":\"https:\/\/www.artcontraire.com\/de\/#website\",\"url\":\"https:\/\/www.artcontraire.com\/de\/\",\"name\":\"artContraire\",\"description\":\"Be part! Be art!\",\"potentialAction\":[{\"@type\":\"SearchAction\",\"target\":{\"@type\":\"EntryPoint\",\"urlTemplate\":\"https:\/\/www.artcontraire.com\/de\/?s={search_term_string}\"},\"query-input\":{\"@type\":\"PropertyValueSpecification\",\"valueRequired\":true,\"valueName\":\"search_term_string\"}}],\"inLanguage\":\"de\"}]}<\/script>\n<!-- \/ Yoast SEO plugin. -->","yoast_head_json":{"title":"America First Horror von Nino Strohecker \u2013 Ein Originalfoto, gedruckt unter Acryl (gerahmt) - artContraire","description":"Nino Strohecker: Dies ist ein Originalfoto, gedruckt unter Acryl (gerahmt). Die Ma\u00dfe sind 96.8 x 40.8 x 4 cm.","robots":{"index":"index","follow":"follow","max-snippet":"max-snippet:-1","max-image-preview":"max-image-preview:large","max-video-preview":"max-video-preview:-1"},"canonical":"https:\/\/www.artcontraire.com\/de\/kunstwerk\/nino-strohecker\/america-first-horror\/","og_locale":"de_DE","og_type":"article","og_title":"America First Horror von Nino Strohecker \u2013 Ein Originalfoto, gedruckt unter Acryl (gerahmt) - artContraire","og_description":"Nino Strohecker: Dies ist ein Originalfoto, gedruckt unter Acryl (gerahmt). Die Ma\u00dfe sind 96.8 x 40.8 x 4 cm.","og_url":"https:\/\/www.artcontraire.com\/de\/kunstwerk\/nino-strohecker\/america-first-horror\/","og_site_name":"artContraire","article_publisher":"https:\/\/www.facebook.com\/artcontraire\/","article_modified_time":"2021-11-21T23:42:37+00:00","og_image":[{"width":1920,"height":800,"url":"https:\/\/www.artcontraire.com\/wp-content\/uploads\/america-first-horror-nino-strohecker-kunst.jpg","type":"image\/jpeg"}],"twitter_card":"summary_large_image","twitter_misc":{"Gesch\u00e4tzte Lesezeit":"1\u00a0Minute"},"schema":{"@context":"https:\/\/schema.org","@graph":[{"@type":"WebPage","@id":"https:\/\/www.artcontraire.com\/de\/kunstwerk\/nino-strohecker\/america-first-horror\/","url":"https:\/\/www.artcontraire.com\/de\/kunstwerk\/nino-strohecker\/america-first-horror\/","name":"America First Horror von Nino Strohecker \u2013 Ein Originalfoto, gedruckt unter Acryl (gerahmt) - artContraire","isPartOf":{"@id":"https:\/\/www.artcontraire.com\/de\/#website"},"primaryImageOfPage":{"@id":"https:\/\/www.artcontraire.com\/de\/kunstwerk\/nino-strohecker\/america-first-horror\/#primaryimage"},"image":{"@id":"https:\/\/www.artcontraire.com\/de\/kunstwerk\/nino-strohecker\/america-first-horror\/#primaryimage"},"thumbnailUrl":"https:\/\/www.artcontraire.com\/wp-content\/uploads\/america-first-horror-nino-strohecker-kunst.jpg","datePublished":"2021-11-21T23:33:51+00:00","dateModified":"2021-11-21T23:42:37+00:00","description":"Nino Strohecker: Dies ist ein Originalfoto, gedruckt unter Acryl (gerahmt). Die Ma\u00dfe sind 96.8 x 40.8 x 4 cm.","breadcrumb":{"@id":"https:\/\/www.artcontraire.com\/de\/kunstwerk\/nino-strohecker\/america-first-horror\/#breadcrumb"},"inLanguage":"de","potentialAction":[{"@type":"ReadAction","target":["https:\/\/www.artcontraire.com\/de\/kunstwerk\/nino-strohecker\/america-first-horror\/"]}]},{"@type":"ImageObject","inLanguage":"de","@id":"https:\/\/www.artcontraire.com\/de\/kunstwerk\/nino-strohecker\/america-first-horror\/#primaryimage","url":"https:\/\/www.artcontraire.com\/wp-content\/uploads\/america-first-horror-nino-strohecker-kunst.jpg","contentUrl":"https:\/\/www.artcontraire.com\/wp-content\/uploads\/america-first-horror-nino-strohecker-kunst.jpg","width":1920,"height":800},{"@type":"BreadcrumbList","@id":"https:\/\/www.artcontraire.com\/de\/kunstwerk\/nino-strohecker\/america-first-horror\/#breadcrumb","itemListElement":[{"@type":"ListItem","position":1,"name":"Home","item":"https:\/\/www.artcontraire.com\/de\/"},{"@type":"ListItem","position":2,"name":"Shop","item":"https:\/\/www.artcontraire.com\/de\/shop\/"},{"@type":"ListItem","position":3,"name":"America First Horror"}]},{"@type":"WebSite","@id":"https:\/\/www.artcontraire.com\/de\/#website","url":"https:\/\/www.artcontraire.com\/de\/","name":"artContraire","description":"Be part! Be art!","potentialAction":[{"@type":"SearchAction","target":{"@type":"EntryPoint","urlTemplate":"https:\/\/www.artcontraire.com\/de\/?s={search_term_string}"},"query-input":{"@type":"PropertyValueSpecification","valueRequired":true,"valueName":"search_term_string"}}],"inLanguage":"de"}]}},"_links":{"self":[{"href":"https:\/\/www.artcontraire.com\/de\/wp-json\/wp\/v2\/product\/24162","targetHints":{"allow":["GET"]}}],"collection":[{"href":"https:\/\/www.artcontraire.com\/de\/wp-json\/wp\/v2\/product"}],"about":[{"href":"https:\/\/www.artcontraire.com\/de\/wp-json\/wp\/v2\/types\/product"}],"wp:featuredmedia":[{"embeddable":true,"href":"https:\/\/www.artcontraire.com\/de\/wp-json\/wp\/v2\/media\/9689"}],"wp:attachment":[{"href":"https:\/\/www.artcontraire.com\/de\/wp-json\/wp\/v2\/media?parent=24162"}],"wp:term":[{"taxonomy":"product_cat","embeddable":true,"href":"https:\/\/www.artcontraire.com\/de\/wp-json\/wp\/v2\/product_cat?post=24162"},{"taxonomy":"product_tag","embeddable":true,"href":"https:\/\/www.artcontraire.com\/de\/wp-json\/wp\/v2\/product_tag?post=24162"},{"taxonomy":"artist","embeddable":true,"href":"https:\/\/www.artcontraire.com\/de\/wp-json\/wp\/v2\/artist?post=24162"},{"taxonomy":"artwork_type","embeddable":true,"href":"https:\/\/www.artcontraire.com\/de\/wp-json\/wp\/v2\/artwork_type?post=24162"},{"taxonomy":"color","embeddable":true,"href":"https:\/\/www.artcontraire.com\/de\/wp-json\/wp\/v2\/color?post=24162"},{"taxonomy":"series","embeddable":true,"href":"https:\/\/www.artcontraire.com\/de\/wp-json\/wp\/v2\/series?post=24162"}],"curies":[{"name":"wp","href":"https:\/\/api.w.org\/{rel}","templated":true}]}}