{"id":24140,"date":"2021-11-21T23:33:45","date_gmt":"2021-11-21T23:33:45","guid":{"rendered":"https:\/\/www.artcontraire.com\/artwork\/various\/vulnerable-publicity-nr-01-05\/"},"modified":"2021-11-21T23:42:34","modified_gmt":"2021-11-21T23:42:34","slug":"vulnerable-publicity-nr-01-05","status":"publish","type":"product","link":"https:\/\/www.artcontraire.com\/de\/kunstwerk\/nino-strohecker\/vulnerable-publicity-nr-01-05\/","title":{"rendered":"Vulnerable Publicity Nr. 01 &#8211; 05"},"content":{"rendered":"Die Serie VULNERABLE PUBLICITY besch\u00e4ftigt mich mit dem explosiven und komplexen Thema der immer gr\u00f6\u00dfer werdenden Bilderflut, mit der wir uns t\u00e4glich konfrontiert sehen.\n\nAlle Fotos werden aus dem Internet heruntergeladen, von Websites, auf denen Fotografen ihre Fotos frei von jeglichen Urheberrechten hochladen, in der Hoffnung, ein hohes Ma\u00df an Publicity zu erhalten.\n\n<div class=\"quote\"><div class=\"quote-content-wrap\"><div class=\"quote-content-outer\"><div class=\"quote-content\"><div class=\"inner format-text\"><p>Wenn du etwas sehen willst, musst du dich beeilen. Alles verschwindet.<\/p>\n<\/div><\/div><\/div><\/div><div class=\"quote-author\">\u2013 Paul C\u00e9zanne<\/div><\/div>","protected":false},"excerpt":{"rendered":"Ein CP-Druck auf einer PVC-Leinwand. In dieser Arbeit verwende ich die Mechanismen von &#8222;wir teilen uns selbst als ein Foto &#8230;","protected":false},"featured_media":9952,"template":"","meta":{"_acf_changed":false},"product_cat":[248],"product_tag":[],"artist":[126],"artwork_type":[83],"color":[],"series":[],"class_list":{"0":"post-24140","1":"product","2":"type-product","3":"status-publish","4":"has-post-thumbnail","6":"product_cat-uncategorized-de","7":"artist-nino-strohecker-de","8":"artwork_type-fotografien","9":"images-loading","10":"artwork_type-photographs","12":"first","13":"instock","14":"sold-individually","15":"product-type-variable","16":"has-default-attributes"},"acf":[],"yoast_head":"<!-- This site is optimized with the Yoast SEO plugin v26.8 - https:\/\/yoast.com\/product\/yoast-seo-wordpress\/ -->\n<title>Vulnerable Publicity Nr. 01 &#8211; 05 von Nino Strohecker \u2013 Ein CP-Druck auf einer PVC-Leinwand - artContraire<\/title>\n<meta name=\"description\" content=\"Ein CP-Druck auf einer PVC-Leinwand von Nino Strohecker: Ein CP-Druck auf einer PVC-Leinwand. In dieser Arbeit verwende ich die Mechanismen von &#8222;wir teilen uns selbst als ein Foto &#8230;\" \/>\n<meta name=\"robots\" content=\"index, follow, max-snippet:-1, max-image-preview:large, max-video-preview:-1\" \/>\n<link rel=\"canonical\" href=\"https:\/\/www.artcontraire.com\/de\/kunstwerk\/nino-strohecker\/vulnerable-publicity-nr-01-05\/\" \/>\n<meta property=\"og:locale\" content=\"de_DE\" \/>\n<meta property=\"og:type\" content=\"article\" \/>\n<meta property=\"og:title\" content=\"Vulnerable Publicity Nr. 01 &#8211; 05 von Nino Strohecker \u2013 Ein CP-Druck auf einer PVC-Leinwand - artContraire\" \/>\n<meta property=\"og:description\" content=\"Ein CP-Druck auf einer PVC-Leinwand von Nino Strohecker: Ein CP-Druck auf einer PVC-Leinwand. In dieser Arbeit verwende ich die Mechanismen von &#8222;wir teilen uns selbst als ein Foto &#8230;\" \/>\n<meta property=\"og:url\" content=\"https:\/\/www.artcontraire.com\/de\/kunstwerk\/nino-strohecker\/vulnerable-publicity-nr-01-05\/\" \/>\n<meta property=\"og:site_name\" content=\"artContraire\" \/>\n<meta property=\"article:publisher\" content=\"https:\/\/www.facebook.com\/artcontraire\/\" \/>\n<meta property=\"article:modified_time\" content=\"2021-11-21T23:42:34+00:00\" \/>\n<meta property=\"og:image\" content=\"https:\/\/www.artcontraire.com\/wp-content\/uploads\/vulnerable-publicity-nr-1-nino-strohecker-fotografie.jpg\" \/>\n\t<meta property=\"og:image:width\" content=\"1969\" \/>\n\t<meta property=\"og:image:height\" content=\"1969\" \/>\n\t<meta property=\"og:image:type\" content=\"image\/jpeg\" \/>\n<meta name=\"twitter:card\" content=\"summary_large_image\" \/>\n<script type=\"application\/ld+json\" class=\"yoast-schema-graph\">{\"@context\":\"https:\/\/schema.org\",\"@graph\":[{\"@type\":\"WebPage\",\"@id\":\"https:\/\/www.artcontraire.com\/de\/kunstwerk\/nino-strohecker\/vulnerable-publicity-nr-01-05\/\",\"url\":\"https:\/\/www.artcontraire.com\/de\/kunstwerk\/nino-strohecker\/vulnerable-publicity-nr-01-05\/\",\"name\":\"Vulnerable Publicity Nr. 01 &#8211; 05 von Nino Strohecker \u2013 Ein CP-Druck auf einer PVC-Leinwand - artContraire\",\"isPartOf\":{\"@id\":\"https:\/\/www.artcontraire.com\/de\/#website\"},\"primaryImageOfPage\":{\"@id\":\"https:\/\/www.artcontraire.com\/de\/kunstwerk\/nino-strohecker\/vulnerable-publicity-nr-01-05\/#primaryimage\"},\"image\":{\"@id\":\"https:\/\/www.artcontraire.com\/de\/kunstwerk\/nino-strohecker\/vulnerable-publicity-nr-01-05\/#primaryimage\"},\"thumbnailUrl\":\"https:\/\/www.artcontraire.com\/wp-content\/uploads\/vulnerable-publicity-nr-1-nino-strohecker-fotografie.jpg\",\"datePublished\":\"2021-11-21T23:33:45+00:00\",\"dateModified\":\"2021-11-21T23:42:34+00:00\",\"description\":\"Ein CP-Druck auf einer PVC-Leinwand von Nino Strohecker: Ein CP-Druck auf einer PVC-Leinwand. In dieser Arbeit verwende ich die Mechanismen von &#8222;wir teilen uns selbst als ein Foto &#8230;\",\"breadcrumb\":{\"@id\":\"https:\/\/www.artcontraire.com\/de\/kunstwerk\/nino-strohecker\/vulnerable-publicity-nr-01-05\/#breadcrumb\"},\"inLanguage\":\"de\",\"potentialAction\":[{\"@type\":\"ReadAction\",\"target\":[\"https:\/\/www.artcontraire.com\/de\/kunstwerk\/nino-strohecker\/vulnerable-publicity-nr-01-05\/\"]}]},{\"@type\":\"ImageObject\",\"inLanguage\":\"de\",\"@id\":\"https:\/\/www.artcontraire.com\/de\/kunstwerk\/nino-strohecker\/vulnerable-publicity-nr-01-05\/#primaryimage\",\"url\":\"https:\/\/www.artcontraire.com\/wp-content\/uploads\/vulnerable-publicity-nr-1-nino-strohecker-fotografie.jpg\",\"contentUrl\":\"https:\/\/www.artcontraire.com\/wp-content\/uploads\/vulnerable-publicity-nr-1-nino-strohecker-fotografie.jpg\",\"width\":1969,\"height\":1969},{\"@type\":\"BreadcrumbList\",\"@id\":\"https:\/\/www.artcontraire.com\/de\/kunstwerk\/nino-strohecker\/vulnerable-publicity-nr-01-05\/#breadcrumb\",\"itemListElement\":[{\"@type\":\"ListItem\",\"position\":1,\"name\":\"Home\",\"item\":\"https:\/\/www.artcontraire.com\/de\/\"},{\"@type\":\"ListItem\",\"position\":2,\"name\":\"Shop\",\"item\":\"https:\/\/www.artcontraire.com\/de\/shop\/\"},{\"@type\":\"ListItem\",\"position\":3,\"name\":\"Vulnerable Publicity Nr. 01 &#8211; 05\"}]},{\"@type\":\"WebSite\",\"@id\":\"https:\/\/www.artcontraire.com\/de\/#website\",\"url\":\"https:\/\/www.artcontraire.com\/de\/\",\"name\":\"artContraire\",\"description\":\"Be part! Be art!\",\"potentialAction\":[{\"@type\":\"SearchAction\",\"target\":{\"@type\":\"EntryPoint\",\"urlTemplate\":\"https:\/\/www.artcontraire.com\/de\/?s={search_term_string}\"},\"query-input\":{\"@type\":\"PropertyValueSpecification\",\"valueRequired\":true,\"valueName\":\"search_term_string\"}}],\"inLanguage\":\"de\"}]}<\/script>\n<!-- \/ Yoast SEO plugin. -->","yoast_head_json":{"title":"Vulnerable Publicity Nr. 01 &#8211; 05 von Nino Strohecker \u2013 Ein CP-Druck auf einer PVC-Leinwand - artContraire","description":"Ein CP-Druck auf einer PVC-Leinwand von Nino Strohecker: Ein CP-Druck auf einer PVC-Leinwand. In dieser Arbeit verwende ich die Mechanismen von &#8222;wir teilen uns selbst als ein Foto &#8230;","robots":{"index":"index","follow":"follow","max-snippet":"max-snippet:-1","max-image-preview":"max-image-preview:large","max-video-preview":"max-video-preview:-1"},"canonical":"https:\/\/www.artcontraire.com\/de\/kunstwerk\/nino-strohecker\/vulnerable-publicity-nr-01-05\/","og_locale":"de_DE","og_type":"article","og_title":"Vulnerable Publicity Nr. 01 &#8211; 05 von Nino Strohecker \u2013 Ein CP-Druck auf einer PVC-Leinwand - artContraire","og_description":"Ein CP-Druck auf einer PVC-Leinwand von Nino Strohecker: Ein CP-Druck auf einer PVC-Leinwand. In dieser Arbeit verwende ich die Mechanismen von &#8222;wir teilen uns selbst als ein Foto &#8230;","og_url":"https:\/\/www.artcontraire.com\/de\/kunstwerk\/nino-strohecker\/vulnerable-publicity-nr-01-05\/","og_site_name":"artContraire","article_publisher":"https:\/\/www.facebook.com\/artcontraire\/","article_modified_time":"2021-11-21T23:42:34+00:00","og_image":[{"width":1969,"height":1969,"url":"https:\/\/www.artcontraire.com\/wp-content\/uploads\/vulnerable-publicity-nr-1-nino-strohecker-fotografie.jpg","type":"image\/jpeg"}],"twitter_card":"summary_large_image","schema":{"@context":"https:\/\/schema.org","@graph":[{"@type":"WebPage","@id":"https:\/\/www.artcontraire.com\/de\/kunstwerk\/nino-strohecker\/vulnerable-publicity-nr-01-05\/","url":"https:\/\/www.artcontraire.com\/de\/kunstwerk\/nino-strohecker\/vulnerable-publicity-nr-01-05\/","name":"Vulnerable Publicity Nr. 01 &#8211; 05 von Nino Strohecker \u2013 Ein CP-Druck auf einer PVC-Leinwand - artContraire","isPartOf":{"@id":"https:\/\/www.artcontraire.com\/de\/#website"},"primaryImageOfPage":{"@id":"https:\/\/www.artcontraire.com\/de\/kunstwerk\/nino-strohecker\/vulnerable-publicity-nr-01-05\/#primaryimage"},"image":{"@id":"https:\/\/www.artcontraire.com\/de\/kunstwerk\/nino-strohecker\/vulnerable-publicity-nr-01-05\/#primaryimage"},"thumbnailUrl":"https:\/\/www.artcontraire.com\/wp-content\/uploads\/vulnerable-publicity-nr-1-nino-strohecker-fotografie.jpg","datePublished":"2021-11-21T23:33:45+00:00","dateModified":"2021-11-21T23:42:34+00:00","description":"Ein CP-Druck auf einer PVC-Leinwand von Nino Strohecker: Ein CP-Druck auf einer PVC-Leinwand. In dieser Arbeit verwende ich die Mechanismen von &#8222;wir teilen uns selbst als ein Foto &#8230;","breadcrumb":{"@id":"https:\/\/www.artcontraire.com\/de\/kunstwerk\/nino-strohecker\/vulnerable-publicity-nr-01-05\/#breadcrumb"},"inLanguage":"de","potentialAction":[{"@type":"ReadAction","target":["https:\/\/www.artcontraire.com\/de\/kunstwerk\/nino-strohecker\/vulnerable-publicity-nr-01-05\/"]}]},{"@type":"ImageObject","inLanguage":"de","@id":"https:\/\/www.artcontraire.com\/de\/kunstwerk\/nino-strohecker\/vulnerable-publicity-nr-01-05\/#primaryimage","url":"https:\/\/www.artcontraire.com\/wp-content\/uploads\/vulnerable-publicity-nr-1-nino-strohecker-fotografie.jpg","contentUrl":"https:\/\/www.artcontraire.com\/wp-content\/uploads\/vulnerable-publicity-nr-1-nino-strohecker-fotografie.jpg","width":1969,"height":1969},{"@type":"BreadcrumbList","@id":"https:\/\/www.artcontraire.com\/de\/kunstwerk\/nino-strohecker\/vulnerable-publicity-nr-01-05\/#breadcrumb","itemListElement":[{"@type":"ListItem","position":1,"name":"Home","item":"https:\/\/www.artcontraire.com\/de\/"},{"@type":"ListItem","position":2,"name":"Shop","item":"https:\/\/www.artcontraire.com\/de\/shop\/"},{"@type":"ListItem","position":3,"name":"Vulnerable Publicity Nr. 01 &#8211; 05"}]},{"@type":"WebSite","@id":"https:\/\/www.artcontraire.com\/de\/#website","url":"https:\/\/www.artcontraire.com\/de\/","name":"artContraire","description":"Be part! Be art!","potentialAction":[{"@type":"SearchAction","target":{"@type":"EntryPoint","urlTemplate":"https:\/\/www.artcontraire.com\/de\/?s={search_term_string}"},"query-input":{"@type":"PropertyValueSpecification","valueRequired":true,"valueName":"search_term_string"}}],"inLanguage":"de"}]}},"_links":{"self":[{"href":"https:\/\/www.artcontraire.com\/de\/wp-json\/wp\/v2\/product\/24140","targetHints":{"allow":["GET"]}}],"collection":[{"href":"https:\/\/www.artcontraire.com\/de\/wp-json\/wp\/v2\/product"}],"about":[{"href":"https:\/\/www.artcontraire.com\/de\/wp-json\/wp\/v2\/types\/product"}],"wp:featuredmedia":[{"embeddable":true,"href":"https:\/\/www.artcontraire.com\/de\/wp-json\/wp\/v2\/media\/9952"}],"wp:attachment":[{"href":"https:\/\/www.artcontraire.com\/de\/wp-json\/wp\/v2\/media?parent=24140"}],"wp:term":[{"taxonomy":"product_cat","embeddable":true,"href":"https:\/\/www.artcontraire.com\/de\/wp-json\/wp\/v2\/product_cat?post=24140"},{"taxonomy":"product_tag","embeddable":true,"href":"https:\/\/www.artcontraire.com\/de\/wp-json\/wp\/v2\/product_tag?post=24140"},{"taxonomy":"artist","embeddable":true,"href":"https:\/\/www.artcontraire.com\/de\/wp-json\/wp\/v2\/artist?post=24140"},{"taxonomy":"artwork_type","embeddable":true,"href":"https:\/\/www.artcontraire.com\/de\/wp-json\/wp\/v2\/artwork_type?post=24140"},{"taxonomy":"color","embeddable":true,"href":"https:\/\/www.artcontraire.com\/de\/wp-json\/wp\/v2\/color?post=24140"},{"taxonomy":"series","embeddable":true,"href":"https:\/\/www.artcontraire.com\/de\/wp-json\/wp\/v2\/series?post=24140"}],"curies":[{"name":"wp","href":"https:\/\/api.w.org\/{rel}","templated":true}]}}