{"id":867,"date":"2018-03-18T17:20:55","date_gmt":"2018-03-18T17:20:55","guid":{"rendered":"https:\/\/www.artcontraire.com\/einkaufswagen\/"},"modified":"2024-01-12T22:45:38","modified_gmt":"2024-01-12T22:45:38","slug":"einkaufswagen","status":"publish","type":"page","link":"https:\/\/www.artcontraire.com\/de\/einkaufswagen\/","title":{"rendered":"Einkaufswagen"},"content":{"rendered":"<div class=\"col-d-7\"><\/div>\n<div class=\"col-d-5\" style=\"margin-top: -50px;\"><div class=\"team-mq quote-wrap medium top\"><div class=\"member\"><div class=\"item\"><a href=\"https:\/\/www.artcontraire.com\/team\/ingo-zipser\/\"><div class=\"media team-media\" style=\"background-image:url(https:\/\/www.artcontraire.com\/wp-content\/uploads\/ingo-zipser-2-cut-200x200.jpg)\"><\/div><div class=\"content\"><div class=\"team-nickname sub-headline\">The Creative<\/div><div class=\"team-name\">Ingo Zipser<\/div><\/div><\/a><\/div><\/div><div class=\"quote\"><div class=\"quote-content-wrap\"><div class=\"quote-content-outer\"><div class=\"quote-content\"><div class=\"inner format-text\"><p>Hallo, ich hei\u00dfe Ingo Zipser. Haben Sie fragen zu den Kunstwerken, K\u00fcnstlerInnen, den Zahlungsm\u00f6glichkeiten oder sonst etwas?<\/p>\n<div><span style=\"display: inline-block; margin: 0 10px 10px 0;\"><button class=\"chat-trigger contact button alt\" data-tracking-id=\"checkout\" ><span class=\"text\">Schreiben Sie uns<\/span><\/button><\/span><a class=\"checkout-button button alt wc-forward\" href=\"https:\/\/www.artcontraire.com\/de\/zur-kasse\/\">Zur Kasse<\/a><\/div>\n<p>\n<\/div><\/div><\/div><\/div><\/div><\/div><\/p><\/div>\n<div class=\"col-d-5 format-text\">\n<div style=\"padding: 40px; background: #fcfcfc; border: 1px solid #efefef;\"><strong>artContraire garantiert<\/strong>\n<ul>\n<li>Ausgew\u00e4hlte K\u00fcnstlerInnen<\/li>\n<li>Originale Kunstwerke direkt von den K\u00fcnstlerInnen mit Echtheitszertifikat<\/li>\n<li>Kunstmarktpreis<\/li>\n<li>Sichere Bezahlung mit Kreditkarte, Bank\u00fcberweisung oder Paypal<\/li>\n<li>Pers\u00f6nlicher Service<\/li>\n<\/ul>\n<div>\n<p>Mit <strong><a href=\"https:\/\/www.artcontraire.com\/meet-my-artist\/\">&#8222;Meet My Artist&#8220;<\/a><\/strong> gibt artContraire Ihnen die einmalige M\u00f6glichkeit, Ihren liebsten K\u00fcnstlerInnen pers\u00f6nlich kennen zu lernen.<\/p>\n<\/div>\n<\/div>\n<\/div>","protected":false},"excerpt":{"rendered":"artContraire garantiert Ausgew\u00e4hlte K\u00fcnstlerInnen Originale Kunstwerke direkt von den K\u00fcnstlerInnen mit Echtheitszertifikat Kunstmarktpreis Sichere Bezahlung mit Kreditkarte, Bank\u00fcberweisung oder Paypal &#8230;","protected":false},"author":150,"featured_media":0,"parent":0,"menu_order":0,"comment_status":"closed","ping_status":"closed","template":"","meta":{"_acf_changed":false,"footnotes":""},"class_list":["post-867","page","type-page","status-publish","hentry"],"acf":[],"yoast_head":"<!-- This site is optimized with the Yoast SEO plugin v26.8 - https:\/\/yoast.com\/product\/yoast-seo-wordpress\/ -->\n<title>Einkaufswagen - artContraire<\/title>\n<meta name=\"description\" content=\"artContraire garantiert Ausgew\u00e4hlte K\u00fcnstlerInnen Originale Kunstwerke direkt von den K\u00fcnstlerInnen mit Echtheitszertifikat Kunstmarktpreis Sichere\" \/>\n<meta name=\"robots\" content=\"index, follow, max-snippet:-1, max-image-preview:large, max-video-preview:-1\" \/>\n<link rel=\"canonical\" href=\"https:\/\/www.artcontraire.com\/de\/einkaufswagen\/\" \/>\n<meta property=\"og:locale\" content=\"de_DE\" \/>\n<meta property=\"og:type\" content=\"article\" \/>\n<meta property=\"og:title\" content=\"Einkaufswagen - artContraire\" \/>\n<meta property=\"og:description\" content=\"artContraire garantiert Ausgew\u00e4hlte K\u00fcnstlerInnen Originale Kunstwerke direkt von den K\u00fcnstlerInnen mit Echtheitszertifikat Kunstmarktpreis Sichere\" \/>\n<meta property=\"og:url\" content=\"https:\/\/www.artcontraire.com\/de\/einkaufswagen\/\" \/>\n<meta property=\"og:site_name\" content=\"artContraire\" \/>\n<meta property=\"article:publisher\" content=\"https:\/\/www.facebook.com\/artcontraire\/\" \/>\n<meta property=\"article:modified_time\" content=\"2024-01-12T22:45:38+00:00\" \/>\n<meta property=\"og:image\" content=\"https:\/\/www.artcontraire.com\/wp-content\/uploads\/artcontraire-logo-text-black.png\" \/>\n\t<meta property=\"og:image:width\" content=\"1366\" \/>\n\t<meta property=\"og:image:height\" content=\"600\" \/>\n\t<meta property=\"og:image:type\" content=\"image\/png\" \/>\n<meta name=\"twitter:card\" content=\"summary_large_image\" \/>\n<meta name=\"twitter:label1\" content=\"Gesch\u00e4tzte Lesezeit\" \/>\n\t<meta name=\"twitter:data1\" content=\"1\u00a0Minute\" \/>\n<script type=\"application\/ld+json\" class=\"yoast-schema-graph\">{\"@context\":\"https:\/\/schema.org\",\"@graph\":[{\"@type\":\"WebPage\",\"@id\":\"https:\/\/www.artcontraire.com\/de\/einkaufswagen\/\",\"url\":\"https:\/\/www.artcontraire.com\/de\/einkaufswagen\/\",\"name\":\"Einkaufswagen - artContraire\",\"isPartOf\":{\"@id\":\"https:\/\/www.artcontraire.com\/de\/#website\"},\"datePublished\":\"2018-03-18T17:20:55+00:00\",\"dateModified\":\"2024-01-12T22:45:38+00:00\",\"description\":\"artContraire garantiert Ausgew\u00e4hlte K\u00fcnstlerInnen Originale Kunstwerke direkt von den K\u00fcnstlerInnen mit Echtheitszertifikat Kunstmarktpreis Sichere\",\"breadcrumb\":{\"@id\":\"https:\/\/www.artcontraire.com\/de\/einkaufswagen\/#breadcrumb\"},\"inLanguage\":\"de\",\"potentialAction\":[{\"@type\":\"ReadAction\",\"target\":[\"https:\/\/www.artcontraire.com\/de\/einkaufswagen\/\"]}]},{\"@type\":\"BreadcrumbList\",\"@id\":\"https:\/\/www.artcontraire.com\/de\/einkaufswagen\/#breadcrumb\",\"itemListElement\":[{\"@type\":\"ListItem\",\"position\":1,\"name\":\"Home\",\"item\":\"https:\/\/www.artcontraire.com\/de\/\"},{\"@type\":\"ListItem\",\"position\":2,\"name\":\"Einkaufswagen\"}]},{\"@type\":\"WebSite\",\"@id\":\"https:\/\/www.artcontraire.com\/de\/#website\",\"url\":\"https:\/\/www.artcontraire.com\/de\/\",\"name\":\"artContraire\",\"description\":\"Be part! Be art!\",\"potentialAction\":[{\"@type\":\"SearchAction\",\"target\":{\"@type\":\"EntryPoint\",\"urlTemplate\":\"https:\/\/www.artcontraire.com\/de\/?s={search_term_string}\"},\"query-input\":{\"@type\":\"PropertyValueSpecification\",\"valueRequired\":true,\"valueName\":\"search_term_string\"}}],\"inLanguage\":\"de\"}]}<\/script>\n<!-- \/ Yoast SEO plugin. -->","yoast_head_json":{"title":"Einkaufswagen - artContraire","description":"artContraire garantiert Ausgew\u00e4hlte K\u00fcnstlerInnen Originale Kunstwerke direkt von den K\u00fcnstlerInnen mit Echtheitszertifikat Kunstmarktpreis Sichere","robots":{"index":"index","follow":"follow","max-snippet":"max-snippet:-1","max-image-preview":"max-image-preview:large","max-video-preview":"max-video-preview:-1"},"canonical":"https:\/\/www.artcontraire.com\/de\/einkaufswagen\/","og_locale":"de_DE","og_type":"article","og_title":"Einkaufswagen - artContraire","og_description":"artContraire garantiert Ausgew\u00e4hlte K\u00fcnstlerInnen Originale Kunstwerke direkt von den K\u00fcnstlerInnen mit Echtheitszertifikat Kunstmarktpreis Sichere","og_url":"https:\/\/www.artcontraire.com\/de\/einkaufswagen\/","og_site_name":"artContraire","article_publisher":"https:\/\/www.facebook.com\/artcontraire\/","article_modified_time":"2024-01-12T22:45:38+00:00","og_image":[{"width":1366,"height":600,"url":"https:\/\/www.artcontraire.com\/wp-content\/uploads\/artcontraire-logo-text-black.png","type":"image\/png"}],"twitter_card":"summary_large_image","twitter_misc":{"Gesch\u00e4tzte Lesezeit":"1\u00a0Minute"},"schema":{"@context":"https:\/\/schema.org","@graph":[{"@type":"WebPage","@id":"https:\/\/www.artcontraire.com\/de\/einkaufswagen\/","url":"https:\/\/www.artcontraire.com\/de\/einkaufswagen\/","name":"Einkaufswagen - artContraire","isPartOf":{"@id":"https:\/\/www.artcontraire.com\/de\/#website"},"datePublished":"2018-03-18T17:20:55+00:00","dateModified":"2024-01-12T22:45:38+00:00","description":"artContraire garantiert Ausgew\u00e4hlte K\u00fcnstlerInnen Originale Kunstwerke direkt von den K\u00fcnstlerInnen mit Echtheitszertifikat Kunstmarktpreis Sichere","breadcrumb":{"@id":"https:\/\/www.artcontraire.com\/de\/einkaufswagen\/#breadcrumb"},"inLanguage":"de","potentialAction":[{"@type":"ReadAction","target":["https:\/\/www.artcontraire.com\/de\/einkaufswagen\/"]}]},{"@type":"BreadcrumbList","@id":"https:\/\/www.artcontraire.com\/de\/einkaufswagen\/#breadcrumb","itemListElement":[{"@type":"ListItem","position":1,"name":"Home","item":"https:\/\/www.artcontraire.com\/de\/"},{"@type":"ListItem","position":2,"name":"Einkaufswagen"}]},{"@type":"WebSite","@id":"https:\/\/www.artcontraire.com\/de\/#website","url":"https:\/\/www.artcontraire.com\/de\/","name":"artContraire","description":"Be part! Be art!","potentialAction":[{"@type":"SearchAction","target":{"@type":"EntryPoint","urlTemplate":"https:\/\/www.artcontraire.com\/de\/?s={search_term_string}"},"query-input":{"@type":"PropertyValueSpecification","valueRequired":true,"valueName":"search_term_string"}}],"inLanguage":"de"}]}},"_links":{"self":[{"href":"https:\/\/www.artcontraire.com\/de\/wp-json\/wp\/v2\/pages\/867","targetHints":{"allow":["GET"]}}],"collection":[{"href":"https:\/\/www.artcontraire.com\/de\/wp-json\/wp\/v2\/pages"}],"about":[{"href":"https:\/\/www.artcontraire.com\/de\/wp-json\/wp\/v2\/types\/page"}],"author":[{"embeddable":true,"href":"https:\/\/www.artcontraire.com\/de\/wp-json\/wp\/v2\/users\/150"}],"replies":[{"embeddable":true,"href":"https:\/\/www.artcontraire.com\/de\/wp-json\/wp\/v2\/comments?post=867"}],"version-history":[{"count":21,"href":"https:\/\/www.artcontraire.com\/de\/wp-json\/wp\/v2\/pages\/867\/revisions"}],"predecessor-version":[{"id":31384,"href":"https:\/\/www.artcontraire.com\/de\/wp-json\/wp\/v2\/pages\/867\/revisions\/31384"}],"wp:attachment":[{"href":"https:\/\/www.artcontraire.com\/de\/wp-json\/wp\/v2\/media?parent=867"}],"curies":[{"name":"wp","href":"https:\/\/api.w.org\/{rel}","templated":true}]}}